{"id":326,"date":"2024-08-11T10:41:01","date_gmt":"2024-08-11T13:41:01","guid":{"rendered":"https:\/\/redeicm.org.br\/auxiliadora\/?page_id=326"},"modified":"2025-10-28T10:07:03","modified_gmt":"2025-10-28T13:07:03","slug":"proposta-educacional","status":"publish","type":"page","link":"https:\/\/redeicm.org.br\/auxiliadora\/proposta-educacional\/","title":{"rendered":"Proposta Educacional"},"content":{"rendered":"<h1>Proposta Educacional<\/h1>\n<p><strong>Nossa proposta Pedag\u00f3gica consistem em\u2026<\/strong><\/p>\n<p>Garantir a excel\u00eancia humana e pedag\u00f3gica, um processo formativo integral e inovador, que possibilita o \u201cdesenvolvimento do senso cr\u00edtico, da \u00e9tica, da solidariedade e da cidadania\u201d.<\/p>\n<p>Favorecer a constru\u00e7\u00e3o do conhecimento e do desenvolvimento humano, cientifico, tecnol\u00f3gico e espiritual.<\/p>\n<p><strong>Miss\u00e3o da Educa\u00e7\u00e3o:<\/strong><\/p>\n<p>Promover\u00a0e Educa\u00e7\u00e3o de excel\u00eancia, que priorize a vida e a ci\u00eancia, contribuindo para a forma\u00e7\u00e3o de pessoas conscientes e solid\u00e1rias, comprometidas com a constru\u00e7\u00e3o de um mundo melhor.<\/p>\n<p><strong>Vis\u00e3o da Educa\u00e7\u00e3o:<\/strong><\/p>\n<p>ser uma Rede de Escolas de excel\u00eancia com pr\u00e1ticas e ambientes pedag\u00f3gicos inovadores, que capacitem os estudantes a enfrentarem os desafios da sociedade do conhecimento.<\/p>\n","protected":false},"excerpt":{"rendered":"<p>Proposta Educacional Nossa proposta Pedag\u00f3gica consistem em\u2026 Garantir a excel\u00eancia humana e pedag\u00f3gica, um processo formativo integral e inovador, que possibilita o \u201cdesenvolvimento do senso cr\u00edtico, da \u00e9tica, da solidariedade e da cidadania\u201d. Favorecer a constru\u00e7\u00e3o do conhecimento e do desenvolvimento humano, cientifico, tecnol\u00f3gico e espiritual. Miss\u00e3o da Educa\u00e7\u00e3o: Promover\u00a0e Educa\u00e7\u00e3o de excel\u00eancia, que priorize [&hellip;]<\/p>\n","protected":false},"author":1,"featured_media":133,"parent":0,"menu_order":0,"comment_status":"closed","ping_status":"closed","template":"","meta":{"_acf_changed":false,"footnotes":""},"class_list":["post-326","page","type-page","status-publish","has-post-thumbnail","hentry"],"acf":[],"yoast_head":"<!-- This site is optimized with the Yoast SEO plugin v26.3 - https:\/\/yoast.com\/wordpress\/plugins\/seo\/ -->\n<title>Proposta Educacional - Escola Nossa Senhora Auxiliadora<\/title>\n<meta name=\"robots\" content=\"index, follow, max-snippet:-1, max-image-preview:large, max-video-preview:-1\" \/>\n<link rel=\"canonical\" href=\"https:\/\/redeicm.org.br\/auxiliadora\/proposta-educacional\/\" \/>\n<meta property=\"og:locale\" content=\"pt_BR\" \/>\n<meta property=\"og:type\" content=\"article\" \/>\n<meta property=\"og:title\" content=\"Proposta Educacional - Escola Nossa Senhora Auxiliadora\" \/>\n<meta property=\"og:description\" content=\"Proposta Educacional Nossa proposta Pedag\u00f3gica consistem em\u2026 Garantir a excel\u00eancia humana e pedag\u00f3gica, um processo formativo integral e inovador, que possibilita o \u201cdesenvolvimento do senso cr\u00edtico, da \u00e9tica, da solidariedade e da cidadania\u201d. Favorecer a constru\u00e7\u00e3o do conhecimento e do desenvolvimento humano, cientifico, tecnol\u00f3gico e espiritual. Miss\u00e3o da Educa\u00e7\u00e3o: Promover\u00a0e Educa\u00e7\u00e3o de excel\u00eancia, que priorize [&hellip;]\" \/>\n<meta property=\"og:url\" content=\"https:\/\/redeicm.org.br\/auxiliadora\/proposta-educacional\/\" \/>\n<meta property=\"og:site_name\" content=\"Escola Nossa Senhora Auxiliadora\" \/>\n<meta property=\"article:modified_time\" content=\"2025-10-28T13:07:03+00:00\" \/>\n<meta property=\"og:image\" content=\"https:\/\/redeicm.org.br\/auxiliadora\/wp-content\/uploads\/sites\/3\/2024\/08\/banner-ensino-medio.jpg\" \/>\n\t<meta property=\"og:image:width\" content=\"1440\" \/>\n\t<meta property=\"og:image:height\" content=\"401\" \/>\n\t<meta property=\"og:image:type\" content=\"image\/jpeg\" \/>\n<meta name=\"twitter:card\" content=\"summary_large_image\" \/>\n<meta name=\"twitter:label1\" content=\"Est. tempo de leitura\" \/>\n\t<meta name=\"twitter:data1\" content=\"1 minuto\" \/>\n<script type=\"application\/ld+json\" class=\"yoast-schema-graph\">{\"@context\":\"https:\/\/schema.org\",\"@graph\":[{\"@type\":\"WebPage\",\"@id\":\"https:\/\/redeicm.org.br\/auxiliadora\/proposta-educacional\/\",\"url\":\"https:\/\/redeicm.org.br\/auxiliadora\/proposta-educacional\/\",\"name\":\"Proposta Educacional - Escola Nossa Senhora Auxiliadora\",\"isPartOf\":{\"@id\":\"https:\/\/redeicm.org.br\/auxiliadora\/#website\"},\"primaryImageOfPage\":{\"@id\":\"https:\/\/redeicm.org.br\/auxiliadora\/proposta-educacional\/#primaryimage\"},\"image\":{\"@id\":\"https:\/\/redeicm.org.br\/auxiliadora\/proposta-educacional\/#primaryimage\"},\"thumbnailUrl\":\"https:\/\/redeicm.org.br\/auxiliadora\/wp-content\/uploads\/sites\/3\/2024\/08\/banner-ensino-medio.jpg\",\"datePublished\":\"2024-08-11T13:41:01+00:00\",\"dateModified\":\"2025-10-28T13:07:03+00:00\",\"breadcrumb\":{\"@id\":\"https:\/\/redeicm.org.br\/auxiliadora\/proposta-educacional\/#breadcrumb\"},\"inLanguage\":\"pt-BR\",\"potentialAction\":[{\"@type\":\"ReadAction\",\"target\":[\"https:\/\/redeicm.org.br\/auxiliadora\/proposta-educacional\/\"]}]},{\"@type\":\"ImageObject\",\"inLanguage\":\"pt-BR\",\"@id\":\"https:\/\/redeicm.org.br\/auxiliadora\/proposta-educacional\/#primaryimage\",\"url\":\"https:\/\/redeicm.org.br\/auxiliadora\/wp-content\/uploads\/sites\/3\/2024\/08\/banner-ensino-medio.jpg\",\"contentUrl\":\"https:\/\/redeicm.org.br\/auxiliadora\/wp-content\/uploads\/sites\/3\/2024\/08\/banner-ensino-medio.jpg\",\"width\":1440,\"height\":401},{\"@type\":\"BreadcrumbList\",\"@id\":\"https:\/\/redeicm.org.br\/auxiliadora\/proposta-educacional\/#breadcrumb\",\"itemListElement\":[{\"@type\":\"ListItem\",\"position\":1,\"name\":\"In\u00edcio\",\"item\":\"https:\/\/redeicm.org.br\/auxiliadora\/\"},{\"@type\":\"ListItem\",\"position\":2,\"name\":\"Proposta Educacional\"}]},{\"@type\":\"WebSite\",\"@id\":\"https:\/\/redeicm.org.br\/auxiliadora\/#website\",\"url\":\"https:\/\/redeicm.org.br\/auxiliadora\/\",\"name\":\"Escola Nossa Senhora Auxiliadora\",\"description\":\"\",\"publisher\":{\"@id\":\"https:\/\/redeicm.org.br\/auxiliadora\/#organization\"},\"potentialAction\":[{\"@type\":\"SearchAction\",\"target\":{\"@type\":\"EntryPoint\",\"urlTemplate\":\"https:\/\/redeicm.org.br\/auxiliadora\/?s={search_term_string}\"},\"query-input\":{\"@type\":\"PropertyValueSpecification\",\"valueRequired\":true,\"valueName\":\"search_term_string\"}}],\"inLanguage\":\"pt-BR\"},{\"@type\":\"Organization\",\"@id\":\"https:\/\/redeicm.org.br\/auxiliadora\/#organization\",\"name\":\"Escola Nossa Senhora Auxiliadora\",\"url\":\"https:\/\/redeicm.org.br\/auxiliadora\/\",\"logo\":{\"@type\":\"ImageObject\",\"inLanguage\":\"pt-BR\",\"@id\":\"https:\/\/redeicm.org.br\/auxiliadora\/#\/schema\/logo\/image\/\",\"url\":\"https:\/\/redeicm.org.br\/auxiliadora\/wp-content\/uploads\/sites\/3\/2024\/08\/ICM_Educacao_Auxiliadora_Preferencial_Cores-1024x401-1.png\",\"contentUrl\":\"https:\/\/redeicm.org.br\/auxiliadora\/wp-content\/uploads\/sites\/3\/2024\/08\/ICM_Educacao_Auxiliadora_Preferencial_Cores-1024x401-1.png\",\"width\":1024,\"height\":401,\"caption\":\"Escola Nossa Senhora Auxiliadora\"},\"image\":{\"@id\":\"https:\/\/redeicm.org.br\/auxiliadora\/#\/schema\/logo\/image\/\"}}]}<\/script>\n<!-- \/ Yoast SEO plugin. -->","yoast_head_json":{"title":"Proposta Educacional - Escola Nossa Senhora Auxiliadora","robots":{"index":"index","follow":"follow","max-snippet":"max-snippet:-1","max-image-preview":"max-image-preview:large","max-video-preview":"max-video-preview:-1"},"canonical":"https:\/\/redeicm.org.br\/auxiliadora\/proposta-educacional\/","og_locale":"pt_BR","og_type":"article","og_title":"Proposta Educacional - Escola Nossa Senhora Auxiliadora","og_description":"Proposta Educacional Nossa proposta Pedag\u00f3gica consistem em\u2026 Garantir a excel\u00eancia humana e pedag\u00f3gica, um processo formativo integral e inovador, que possibilita o \u201cdesenvolvimento do senso cr\u00edtico, da \u00e9tica, da solidariedade e da cidadania\u201d. Favorecer a constru\u00e7\u00e3o do conhecimento e do desenvolvimento humano, cientifico, tecnol\u00f3gico e espiritual. Miss\u00e3o da Educa\u00e7\u00e3o: Promover\u00a0e Educa\u00e7\u00e3o de excel\u00eancia, que priorize [&hellip;]","og_url":"https:\/\/redeicm.org.br\/auxiliadora\/proposta-educacional\/","og_site_name":"Escola Nossa Senhora Auxiliadora","article_modified_time":"2025-10-28T13:07:03+00:00","og_image":[{"width":1440,"height":401,"url":"https:\/\/redeicm.org.br\/auxiliadora\/wp-content\/uploads\/sites\/3\/2024\/08\/banner-ensino-medio.jpg","type":"image\/jpeg"}],"twitter_card":"summary_large_image","twitter_misc":{"Est. tempo de leitura":"1 minuto"},"schema":{"@context":"https:\/\/schema.org","@graph":[{"@type":"WebPage","@id":"https:\/\/redeicm.org.br\/auxiliadora\/proposta-educacional\/","url":"https:\/\/redeicm.org.br\/auxiliadora\/proposta-educacional\/","name":"Proposta Educacional - Escola Nossa Senhora Auxiliadora","isPartOf":{"@id":"https:\/\/redeicm.org.br\/auxiliadora\/#website"},"primaryImageOfPage":{"@id":"https:\/\/redeicm.org.br\/auxiliadora\/proposta-educacional\/#primaryimage"},"image":{"@id":"https:\/\/redeicm.org.br\/auxiliadora\/proposta-educacional\/#primaryimage"},"thumbnailUrl":"https:\/\/redeicm.org.br\/auxiliadora\/wp-content\/uploads\/sites\/3\/2024\/08\/banner-ensino-medio.jpg","datePublished":"2024-08-11T13:41:01+00:00","dateModified":"2025-10-28T13:07:03+00:00","breadcrumb":{"@id":"https:\/\/redeicm.org.br\/auxiliadora\/proposta-educacional\/#breadcrumb"},"inLanguage":"pt-BR","potentialAction":[{"@type":"ReadAction","target":["https:\/\/redeicm.org.br\/auxiliadora\/proposta-educacional\/"]}]},{"@type":"ImageObject","inLanguage":"pt-BR","@id":"https:\/\/redeicm.org.br\/auxiliadora\/proposta-educacional\/#primaryimage","url":"https:\/\/redeicm.org.br\/auxiliadora\/wp-content\/uploads\/sites\/3\/2024\/08\/banner-ensino-medio.jpg","contentUrl":"https:\/\/redeicm.org.br\/auxiliadora\/wp-content\/uploads\/sites\/3\/2024\/08\/banner-ensino-medio.jpg","width":1440,"height":401},{"@type":"BreadcrumbList","@id":"https:\/\/redeicm.org.br\/auxiliadora\/proposta-educacional\/#breadcrumb","itemListElement":[{"@type":"ListItem","position":1,"name":"In\u00edcio","item":"https:\/\/redeicm.org.br\/auxiliadora\/"},{"@type":"ListItem","position":2,"name":"Proposta Educacional"}]},{"@type":"WebSite","@id":"https:\/\/redeicm.org.br\/auxiliadora\/#website","url":"https:\/\/redeicm.org.br\/auxiliadora\/","name":"Escola Nossa Senhora Auxiliadora","description":"","publisher":{"@id":"https:\/\/redeicm.org.br\/auxiliadora\/#organization"},"potentialAction":[{"@type":"SearchAction","target":{"@type":"EntryPoint","urlTemplate":"https:\/\/redeicm.org.br\/auxiliadora\/?s={search_term_string}"},"query-input":{"@type":"PropertyValueSpecification","valueRequired":true,"valueName":"search_term_string"}}],"inLanguage":"pt-BR"},{"@type":"Organization","@id":"https:\/\/redeicm.org.br\/auxiliadora\/#organization","name":"Escola Nossa Senhora Auxiliadora","url":"https:\/\/redeicm.org.br\/auxiliadora\/","logo":{"@type":"ImageObject","inLanguage":"pt-BR","@id":"https:\/\/redeicm.org.br\/auxiliadora\/#\/schema\/logo\/image\/","url":"https:\/\/redeicm.org.br\/auxiliadora\/wp-content\/uploads\/sites\/3\/2024\/08\/ICM_Educacao_Auxiliadora_Preferencial_Cores-1024x401-1.png","contentUrl":"https:\/\/redeicm.org.br\/auxiliadora\/wp-content\/uploads\/sites\/3\/2024\/08\/ICM_Educacao_Auxiliadora_Preferencial_Cores-1024x401-1.png","width":1024,"height":401,"caption":"Escola Nossa Senhora Auxiliadora"},"image":{"@id":"https:\/\/redeicm.org.br\/auxiliadora\/#\/schema\/logo\/image\/"}}]}},"_links":{"self":[{"href":"https:\/\/redeicm.org.br\/auxiliadora\/wp-json\/wp\/v2\/pages\/326","targetHints":{"allow":["GET"]}}],"collection":[{"href":"https:\/\/redeicm.org.br\/auxiliadora\/wp-json\/wp\/v2\/pages"}],"about":[{"href":"https:\/\/redeicm.org.br\/auxiliadora\/wp-json\/wp\/v2\/types\/page"}],"author":[{"embeddable":true,"href":"https:\/\/redeicm.org.br\/auxiliadora\/wp-json\/wp\/v2\/users\/1"}],"replies":[{"embeddable":true,"href":"https:\/\/redeicm.org.br\/auxiliadora\/wp-json\/wp\/v2\/comments?post=326"}],"version-history":[{"count":4,"href":"https:\/\/redeicm.org.br\/auxiliadora\/wp-json\/wp\/v2\/pages\/326\/revisions"}],"predecessor-version":[{"id":7972,"href":"https:\/\/redeicm.org.br\/auxiliadora\/wp-json\/wp\/v2\/pages\/326\/revisions\/7972"}],"wp:featuredmedia":[{"embeddable":true,"href":"https:\/\/redeicm.org.br\/auxiliadora\/wp-json\/wp\/v2\/media\/133"}],"wp:attachment":[{"href":"https:\/\/redeicm.org.br\/auxiliadora\/wp-json\/wp\/v2\/media?parent=326"}],"curies":[{"name":"wp","href":"https:\/\/api.w.org\/{rel}","templated":true}]}}