{"id":142,"date":"2024-08-09T17:33:26","date_gmt":"2024-08-09T20:33:26","guid":{"rendered":"https:\/\/redeicm.org.br\/auxiliadora\/educacao-infantil\/"},"modified":"2025-07-08T17:09:25","modified_gmt":"2025-07-08T20:09:25","slug":"educacao-infantil","status":"publish","type":"page","link":"https:\/\/redeicm.org.br\/auxiliadora\/educacao-infantil\/","title":{"rendered":"Educa\u00e7\u00e3o Infantil"},"content":{"rendered":"\t\t<div data-elementor-type=\"wp-page\" data-elementor-id=\"142\" class=\"elementor elementor-142\" data-elementor-post-type=\"page\">\n\t\t\t\t<div class=\"elementor-element elementor-element-4a231d89 e-flex e-con-boxed e-con e-parent\" data-id=\"4a231d89\" data-element_type=\"container\" data-e-type=\"container\" data-settings=\"{&quot;background_background&quot;:&quot;classic&quot;}\">\n\t\t\t\t\t<div class=\"e-con-inner\">\n\t\t\t\t\t<\/div>\n\t\t\t\t<\/div>\n\t\t<div class=\"elementor-element elementor-element-759d3e74 e-flex e-con-boxed e-con e-parent\" data-id=\"759d3e74\" data-element_type=\"container\" data-e-type=\"container\">\n\t\t\t\t\t<div class=\"e-con-inner\">\n\t\t\t\t<div class=\"elementor-element elementor-element-7e651a1b elementor-widget elementor-widget-heading\" data-id=\"7e651a1b\" data-element_type=\"widget\" data-e-type=\"widget\" data-widget_type=\"heading.default\">\n\t\t\t\t<div class=\"elementor-widget-container\">\n\t\t\t\t\t<h1 class=\"elementor-heading-title elementor-size-default\">Educa\u00e7\u00e3o Infantil<\/h1>\t\t\t\t<\/div>\n\t\t\t\t<\/div>\n\t\t\t\t\t<\/div>\n\t\t\t\t<\/div>\n\t\t<div class=\"elementor-element elementor-element-2820d857 e-con-full e-flex e-con e-parent\" data-id=\"2820d857\" data-element_type=\"container\" data-e-type=\"container\">\n\t\t<div class=\"elementor-element elementor-element-1b1226aa e-flex e-con-boxed e-con e-child\" data-id=\"1b1226aa\" data-element_type=\"container\" data-e-type=\"container\">\n\t\t\t\t\t<div class=\"e-con-inner\">\n\t\t\t\t<div class=\"elementor-element elementor-element-3a85b2cc elementor-invisible elementor-widget elementor-widget-text-editor\" data-id=\"3a85b2cc\" data-element_type=\"widget\" data-e-type=\"widget\" data-settings=\"{&quot;_animation&quot;:&quot;fadeInUp&quot;}\" data-widget_type=\"text-editor.default\">\n\t\t\t\t<div class=\"elementor-widget-container\">\n\t\t\t\t\t\t\t\t\t<p>A Escola oferece \u00a0projetos de car\u00e1ter multi e interdisciplinar visando \u00e0 forma\u00e7\u00e3o integral do educando, sendo estes nas dimens\u00f5es social, pol\u00edtica,\u00a0 cognitiva, afetiva, \u00e9tica e religiosa, que permeiam o projeto pol\u00edtico pedag\u00f3gico.<\/p><p>Os conte\u00fados s\u00e3o desenvolvidos atrav\u00e9s de situa\u00e7\u00f5es de aprendizagem que favore\u00e7am as diversas \u00e1reas do conhecimento, desenvolvendo compet\u00eancias e habilidades por meio de diferentes estrat\u00e9gias de ensino.<\/p><p>\u00a0<\/p>\t\t\t\t\t\t\t\t<\/div>\n\t\t\t\t<\/div>\n\t\t\t\t<div class=\"elementor-element elementor-element-96a3017 elementor-invisible elementor-widget elementor-widget-text-editor\" data-id=\"96a3017\" data-element_type=\"widget\" data-e-type=\"widget\" data-settings=\"{&quot;_animation&quot;:&quot;fadeInUp&quot;}\" data-widget_type=\"text-editor.default\">\n\t\t\t\t<div class=\"elementor-widget-container\">\n\t\t\t\t\t\t\t\t\t<p>A\u00a0<strong>Educa\u00e7\u00e3o Infantil<\/strong> tem a finalidade de proporcionar \u00e0 crian\u00e7a a viv\u00eancia de valores humanos e crist\u00e3os; desenvolver a criatividade; promover a socializa\u00e7\u00e3o, a busca de identidade, o desenvolvimento afetivo e motor na constru\u00e7\u00e3o do conhecimento; a estrutura\u00e7\u00e3o da intelig\u00eancia e amplia\u00e7\u00e3o social.<\/p>\t\t\t\t\t\t\t\t<\/div>\n\t\t\t\t<\/div>\n\t\t\t\t<div class=\"elementor-element elementor-element-4131499 elementor-invisible elementor-widget elementor-widget-text-editor\" data-id=\"4131499\" data-element_type=\"widget\" data-e-type=\"widget\" data-settings=\"{&quot;_animation&quot;:&quot;fadeInUp&quot;}\" data-widget_type=\"text-editor.default\">\n\t\t\t\t<div class=\"elementor-widget-container\">\n\t\t\t\t\t\t\t\t\t<div class=\"elementor-element elementor-element-3ede8e3 e-flex e-con-boxed e-con e-parent e-lazyloaded\" data-id=\"3ede8e3\" data-element_type=\"container\"><div class=\"e-con-inner\"><div class=\"elementor-element elementor-element-1c6a1ca elementor-icon-list--layout-traditional elementor-list-item-link-full_width elementor-widget elementor-widget-icon-list\" data-id=\"1c6a1ca\" data-element_type=\"widget\" data-widget_type=\"icon-list.default\"><div class=\"elementor-widget-container\"><ul><li><span class=\"elementor-icon-list-text\">Ber\u00e7\u00e1rio I \u2013 Idade: 4 meses a 1 ano<\/span><\/li><li><span class=\"elementor-icon-list-text\">Ber\u00e7\u00e1rio II \u2013 Idade: 1 a 2 anos<\/span><\/li><li><span class=\"elementor-icon-list-text\">Maternal I \u2013 Idade: 2 anos<\/span><\/li><li><span class=\"elementor-icon-list-text\">Maternal II \u2013 Idade: 3 anos<\/span><\/li><li><span class=\"elementor-icon-list-text\">Pr\u00e9 Escola N\u00edvel \u201cA\u201d e \u201cB\u201d \u2013 Idade: 4 e 5 anos completos at\u00e9 mar\u00e7o do ano em curso.<\/span><\/li><\/ul><p>\u00a0<\/p><p>Coordenadora Pedag\u00f3gica Emanuele Froner\u00a0 \u2013 <strong>coordenacao@auxiliadorafw.com.br<\/strong><\/p><\/div><\/div><\/div><\/div>\t\t\t\t\t\t\t\t<\/div>\n\t\t\t\t<\/div>\n\t\t\t\t<div class=\"elementor-element elementor-element-768ec13 elementor-invisible elementor-widget elementor-widget-text-editor\" data-id=\"768ec13\" data-element_type=\"widget\" data-e-type=\"widget\" data-settings=\"{&quot;_animation&quot;:&quot;fadeInUp&quot;}\" data-widget_type=\"text-editor.default\">\n\t\t\t\t<div class=\"elementor-widget-container\">\n\t\t\t\t\t\t\t\t\t<div class=\"elementor-element elementor-element-4410b59 e-flex e-con-boxed e-con e-parent e-lazyloaded\" data-id=\"4410b59\" data-element_type=\"container\"><div class=\"e-con-inner\"><div class=\"elementor-element elementor-element-766f25c elementor-widget elementor-widget-heading\" data-id=\"766f25c\" data-element_type=\"widget\" data-widget_type=\"heading.default\"><div class=\"elementor-widget-container\"><div class=\"elementor-element elementor-element-766f25c elementor-widget elementor-widget-heading\" data-id=\"766f25c\" data-element_type=\"widget\" data-widget_type=\"heading.default\"><div class=\"elementor-widget-container\"><h6 class=\"elementor-heading-title elementor-size-default\">Oportunidades diferenciadas no curr\u00edculo:<\/h6><p>\u00a0<\/p><\/div><\/div><div class=\"elementor-element elementor-element-ba3a92c elementor-icon-list--layout-traditional elementor-list-item-link-full_width elementor-widget elementor-widget-icon-list\" data-id=\"ba3a92c\" data-element_type=\"widget\" data-widget_type=\"icon-list.default\"><div class=\"elementor-widget-container\"><ul><li><span class=\"elementor-icon-list-text\">Aula de Musicalidade<\/span><\/li><li><span class=\"elementor-icon-list-text\">Aula de Motricidade<\/span><\/li><\/ul><\/div><\/div><\/div><\/div><\/div><\/div>\t\t\t\t\t\t\t\t<\/div>\n\t\t\t\t<\/div>\n\t\t\t\t\t<\/div>\n\t\t\t\t<\/div>\n\t\t\t\t<\/div>\n\t\t<div class=\"elementor-element elementor-element-1f8b953 e-flex e-con-boxed e-con e-parent\" data-id=\"1f8b953\" data-element_type=\"container\" data-e-type=\"container\">\n\t\t\t\t\t<div class=\"e-con-inner\">\n\t\t\t\t<div class=\"elementor-element elementor-element-a0bd7b4 elementor-widget elementor-widget-heading\" data-id=\"a0bd7b4\" data-element_type=\"widget\" data-e-type=\"widget\" data-widget_type=\"heading.default\">\n\t\t\t\t<div class=\"elementor-widget-container\">\n\t\t\t\t\t<h2 class=\"elementor-heading-title elementor-size-default\">        Galeria de imagens:<\/h2>\t\t\t\t<\/div>\n\t\t\t\t<\/div>\n\t\t\t\t\t<\/div>\n\t\t\t\t<\/div>\n\t\t<div class=\"elementor-element elementor-element-c6420bf e-flex e-con-boxed e-con e-parent\" data-id=\"c6420bf\" data-element_type=\"container\" data-e-type=\"container\">\n\t\t\t\t\t<div class=\"e-con-inner\">\n\t\t\t\t<div class=\"elementor-element elementor-element-cd04891 elementor-arrows-position-inside elementor-pagination-position-outside elementor-widget elementor-widget-image-carousel\" data-id=\"cd04891\" data-element_type=\"widget\" data-e-type=\"widget\" data-settings=\"{&quot;navigation&quot;:&quot;both&quot;,&quot;autoplay&quot;:&quot;yes&quot;,&quot;pause_on_hover&quot;:&quot;yes&quot;,&quot;pause_on_interaction&quot;:&quot;yes&quot;,&quot;autoplay_speed&quot;:5000,&quot;infinite&quot;:&quot;yes&quot;,&quot;speed&quot;:500}\" data-widget_type=\"image-carousel.default\">\n\t\t\t\t<div class=\"elementor-widget-container\">\n\t\t\t\t\t\t\t<div class=\"elementor-image-carousel-wrapper swiper\" role=\"region\" aria-roledescription=\"carousel\" aria-label=\"Carrossel de imagens\" dir=\"ltr\">\n\t\t\t<div class=\"elementor-image-carousel swiper-wrapper\" aria-live=\"off\">\n\t\t\t\t\t\t\t\t<div class=\"swiper-slide\" role=\"group\" aria-roledescription=\"slide\" aria-label=\"1 de 3\"><figure class=\"swiper-slide-inner\"><img decoding=\"async\" class=\"swiper-slide-image\" src=\"https:\/\/redeicm.org.br\/auxiliadora\/wp-content\/uploads\/sites\/3\/2025\/05\/WhatsApp-Image-2025-05-21-at-08.17.31-3-300x225.jpg\" alt=\"WhatsApp Image 2025-05-21 at 08.17.31 (3)\" \/><\/figure><\/div><div class=\"swiper-slide\" role=\"group\" aria-roledescription=\"slide\" aria-label=\"2 de 3\"><figure class=\"swiper-slide-inner\"><img decoding=\"async\" class=\"swiper-slide-image\" src=\"https:\/\/redeicm.org.br\/auxiliadora\/wp-content\/uploads\/sites\/3\/2025\/05\/WhatsApp-Image-2025-03-25-at-13.36.18-225x300.jpeg\" alt=\"WhatsApp Image 2025-03-25 at 13.36.18\" \/><\/figure><\/div><div class=\"swiper-slide\" role=\"group\" aria-roledescription=\"slide\" aria-label=\"3 de 3\"><figure class=\"swiper-slide-inner\"><img decoding=\"async\" class=\"swiper-slide-image\" src=\"https:\/\/redeicm.org.br\/auxiliadora\/wp-content\/uploads\/sites\/3\/2025\/05\/WhatsApp-Image-2025-04-07-at-15.41.16-1-225x300.jpeg\" alt=\"WhatsApp Image 2025-04-07 at 15.41.16 (1)\" \/><\/figure><\/div>\t\t\t<\/div>\n\t\t\t\t\t\t\t\t\t\t\t\t<div class=\"elementor-swiper-button elementor-swiper-button-prev\" role=\"button\" tabindex=\"0\">\n\t\t\t\t\t\t<svg aria-hidden=\"true\" class=\"e-font-icon-svg e-eicon-chevron-left\" viewBox=\"0 0 1000 1000\" xmlns=\"http:\/\/www.w3.org\/2000\/svg\"><path d=\"M646 125C629 125 613 133 604 142L308 442C296 454 292 471 292 487 292 504 296 521 308 533L604 854C617 867 629 875 646 875 663 875 679 871 692 858 704 846 713 829 713 812 713 796 708 779 692 767L438 487 692 225C700 217 708 204 708 187 708 171 704 154 692 142 675 129 663 125 646 125Z\"><\/path><\/svg>\t\t\t\t\t<\/div>\n\t\t\t\t\t<div class=\"elementor-swiper-button elementor-swiper-button-next\" role=\"button\" tabindex=\"0\">\n\t\t\t\t\t\t<svg aria-hidden=\"true\" class=\"e-font-icon-svg e-eicon-chevron-right\" viewBox=\"0 0 1000 1000\" xmlns=\"http:\/\/www.w3.org\/2000\/svg\"><path d=\"M696 533C708 521 713 504 713 487 713 471 708 454 696 446L400 146C388 133 375 125 354 125 338 125 325 129 313 142 300 154 292 171 292 187 292 204 296 221 308 233L563 492 304 771C292 783 288 800 288 817 288 833 296 850 308 863 321 871 338 875 354 875 371 875 388 867 400 854L696 533Z\"><\/path><\/svg>\t\t\t\t\t<\/div>\n\t\t\t\t\n\t\t\t\t\t\t\t\t\t<div class=\"swiper-pagination\"><\/div>\n\t\t\t\t\t\t\t\t\t<\/div>\n\t\t\t\t\t\t<\/div>\n\t\t\t\t<\/div>\n\t\t\t\t\t<\/div>\n\t\t\t\t<\/div>\n\t\t\t\t<\/div>\n\t\t","protected":false},"excerpt":{"rendered":"<p>A Escola oferece \u00a0projetos de car\u00e1ter multi e interdisciplinar visando \u00e0 forma\u00e7\u00e3o integral do educando, sendo estes nas dimens\u00f5es social, pol\u00edtica,\u00a0 cognitiva, afetiva, \u00e9tica e religiosa, que permeiam o projeto pol\u00edtico pedag\u00f3gico. Os conte\u00fados s\u00e3o desenvolvidos atrav\u00e9s de situa\u00e7\u00f5es de aprendizagem que favore\u00e7am as diversas \u00e1reas do conhecimento, desenvolvendo compet\u00eancias e habilidades por meio de [&hellip;]<\/p>\n","protected":false},"author":1,"featured_media":145,"parent":0,"menu_order":0,"comment_status":"closed","ping_status":"closed","template":"","meta":{"_acf_changed":false,"footnotes":""},"class_list":["post-142","page","type-page","status-publish","has-post-thumbnail","hentry"],"acf":[],"yoast_head":"<!-- This site is optimized with the Yoast SEO plugin v26.3 - https:\/\/yoast.com\/wordpress\/plugins\/seo\/ -->\n<title>Educa\u00e7\u00e3o Infantil - Escola Nossa Senhora Auxiliadora<\/title>\n<meta name=\"robots\" content=\"index, follow, max-snippet:-1, max-image-preview:large, max-video-preview:-1\" \/>\n<link rel=\"canonical\" href=\"https:\/\/redeicm.org.br\/auxiliadora\/educacao-infantil\/\" \/>\n<meta property=\"og:locale\" content=\"pt_BR\" \/>\n<meta property=\"og:type\" content=\"article\" \/>\n<meta property=\"og:title\" content=\"Educa\u00e7\u00e3o Infantil - Escola Nossa Senhora Auxiliadora\" \/>\n<meta property=\"og:description\" content=\"A Escola oferece \u00a0projetos de car\u00e1ter multi e interdisciplinar visando \u00e0 forma\u00e7\u00e3o integral do educando, sendo estes nas dimens\u00f5es social, pol\u00edtica,\u00a0 cognitiva, afetiva, \u00e9tica e religiosa, que permeiam o projeto pol\u00edtico pedag\u00f3gico. Os conte\u00fados s\u00e3o desenvolvidos atrav\u00e9s de situa\u00e7\u00f5es de aprendizagem que favore\u00e7am as diversas \u00e1reas do conhecimento, desenvolvendo compet\u00eancias e habilidades por meio de [&hellip;]\" \/>\n<meta property=\"og:url\" content=\"https:\/\/redeicm.org.br\/auxiliadora\/educacao-infantil\/\" \/>\n<meta property=\"og:site_name\" content=\"Escola Nossa Senhora Auxiliadora\" \/>\n<meta property=\"article:modified_time\" content=\"2025-07-08T20:09:25+00:00\" \/>\n<meta property=\"og:image\" content=\"https:\/\/redeicm.org.br\/auxiliadora\/wp-content\/uploads\/sites\/3\/2024\/08\/banner-educacao-infantil.jpg\" \/>\n\t<meta property=\"og:image:width\" content=\"1440\" \/>\n\t<meta property=\"og:image:height\" content=\"400\" \/>\n\t<meta property=\"og:image:type\" content=\"image\/jpeg\" \/>\n<meta name=\"twitter:card\" content=\"summary_large_image\" \/>\n<meta name=\"twitter:label1\" content=\"Est. tempo de leitura\" \/>\n\t<meta name=\"twitter:data1\" content=\"4 minutos\" \/>\n<script type=\"application\/ld+json\" class=\"yoast-schema-graph\">{\"@context\":\"https:\/\/schema.org\",\"@graph\":[{\"@type\":\"WebPage\",\"@id\":\"https:\/\/redeicm.org.br\/auxiliadora\/educacao-infantil\/\",\"url\":\"https:\/\/redeicm.org.br\/auxiliadora\/educacao-infantil\/\",\"name\":\"Educa\u00e7\u00e3o Infantil - Escola Nossa Senhora Auxiliadora\",\"isPartOf\":{\"@id\":\"https:\/\/redeicm.org.br\/auxiliadora\/#website\"},\"primaryImageOfPage\":{\"@id\":\"https:\/\/redeicm.org.br\/auxiliadora\/educacao-infantil\/#primaryimage\"},\"image\":{\"@id\":\"https:\/\/redeicm.org.br\/auxiliadora\/educacao-infantil\/#primaryimage\"},\"thumbnailUrl\":\"https:\/\/redeicm.org.br\/auxiliadora\/wp-content\/uploads\/sites\/3\/2024\/08\/banner-educacao-infantil.jpg\",\"datePublished\":\"2024-08-09T20:33:26+00:00\",\"dateModified\":\"2025-07-08T20:09:25+00:00\",\"breadcrumb\":{\"@id\":\"https:\/\/redeicm.org.br\/auxiliadora\/educacao-infantil\/#breadcrumb\"},\"inLanguage\":\"pt-BR\",\"potentialAction\":[{\"@type\":\"ReadAction\",\"target\":[\"https:\/\/redeicm.org.br\/auxiliadora\/educacao-infantil\/\"]}]},{\"@type\":\"ImageObject\",\"inLanguage\":\"pt-BR\",\"@id\":\"https:\/\/redeicm.org.br\/auxiliadora\/educacao-infantil\/#primaryimage\",\"url\":\"https:\/\/redeicm.org.br\/auxiliadora\/wp-content\/uploads\/sites\/3\/2024\/08\/banner-educacao-infantil.jpg\",\"contentUrl\":\"https:\/\/redeicm.org.br\/auxiliadora\/wp-content\/uploads\/sites\/3\/2024\/08\/banner-educacao-infantil.jpg\",\"width\":1440,\"height\":400},{\"@type\":\"BreadcrumbList\",\"@id\":\"https:\/\/redeicm.org.br\/auxiliadora\/educacao-infantil\/#breadcrumb\",\"itemListElement\":[{\"@type\":\"ListItem\",\"position\":1,\"name\":\"In\u00edcio\",\"item\":\"https:\/\/redeicm.org.br\/auxiliadora\/\"},{\"@type\":\"ListItem\",\"position\":2,\"name\":\"Educa\u00e7\u00e3o Infantil\"}]},{\"@type\":\"WebSite\",\"@id\":\"https:\/\/redeicm.org.br\/auxiliadora\/#website\",\"url\":\"https:\/\/redeicm.org.br\/auxiliadora\/\",\"name\":\"Escola Nossa Senhora Auxiliadora\",\"description\":\"\",\"publisher\":{\"@id\":\"https:\/\/redeicm.org.br\/auxiliadora\/#organization\"},\"potentialAction\":[{\"@type\":\"SearchAction\",\"target\":{\"@type\":\"EntryPoint\",\"urlTemplate\":\"https:\/\/redeicm.org.br\/auxiliadora\/?s={search_term_string}\"},\"query-input\":{\"@type\":\"PropertyValueSpecification\",\"valueRequired\":true,\"valueName\":\"search_term_string\"}}],\"inLanguage\":\"pt-BR\"},{\"@type\":\"Organization\",\"@id\":\"https:\/\/redeicm.org.br\/auxiliadora\/#organization\",\"name\":\"Escola Nossa Senhora Auxiliadora\",\"url\":\"https:\/\/redeicm.org.br\/auxiliadora\/\",\"logo\":{\"@type\":\"ImageObject\",\"inLanguage\":\"pt-BR\",\"@id\":\"https:\/\/redeicm.org.br\/auxiliadora\/#\/schema\/logo\/image\/\",\"url\":\"https:\/\/redeicm.org.br\/auxiliadora\/wp-content\/uploads\/sites\/3\/2024\/08\/ICM_Educacao_Auxiliadora_Preferencial_Cores-1024x401-1.png\",\"contentUrl\":\"https:\/\/redeicm.org.br\/auxiliadora\/wp-content\/uploads\/sites\/3\/2024\/08\/ICM_Educacao_Auxiliadora_Preferencial_Cores-1024x401-1.png\",\"width\":1024,\"height\":401,\"caption\":\"Escola Nossa Senhora Auxiliadora\"},\"image\":{\"@id\":\"https:\/\/redeicm.org.br\/auxiliadora\/#\/schema\/logo\/image\/\"}}]}<\/script>\n<!-- \/ Yoast SEO plugin. -->","yoast_head_json":{"title":"Educa\u00e7\u00e3o Infantil - Escola Nossa Senhora Auxiliadora","robots":{"index":"index","follow":"follow","max-snippet":"max-snippet:-1","max-image-preview":"max-image-preview:large","max-video-preview":"max-video-preview:-1"},"canonical":"https:\/\/redeicm.org.br\/auxiliadora\/educacao-infantil\/","og_locale":"pt_BR","og_type":"article","og_title":"Educa\u00e7\u00e3o Infantil - Escola Nossa Senhora Auxiliadora","og_description":"A Escola oferece \u00a0projetos de car\u00e1ter multi e interdisciplinar visando \u00e0 forma\u00e7\u00e3o integral do educando, sendo estes nas dimens\u00f5es social, pol\u00edtica,\u00a0 cognitiva, afetiva, \u00e9tica e religiosa, que permeiam o projeto pol\u00edtico pedag\u00f3gico. Os conte\u00fados s\u00e3o desenvolvidos atrav\u00e9s de situa\u00e7\u00f5es de aprendizagem que favore\u00e7am as diversas \u00e1reas do conhecimento, desenvolvendo compet\u00eancias e habilidades por meio de [&hellip;]","og_url":"https:\/\/redeicm.org.br\/auxiliadora\/educacao-infantil\/","og_site_name":"Escola Nossa Senhora Auxiliadora","article_modified_time":"2025-07-08T20:09:25+00:00","og_image":[{"width":1440,"height":400,"url":"https:\/\/redeicm.org.br\/auxiliadora\/wp-content\/uploads\/sites\/3\/2024\/08\/banner-educacao-infantil.jpg","type":"image\/jpeg"}],"twitter_card":"summary_large_image","twitter_misc":{"Est. tempo de leitura":"4 minutos"},"schema":{"@context":"https:\/\/schema.org","@graph":[{"@type":"WebPage","@id":"https:\/\/redeicm.org.br\/auxiliadora\/educacao-infantil\/","url":"https:\/\/redeicm.org.br\/auxiliadora\/educacao-infantil\/","name":"Educa\u00e7\u00e3o Infantil - Escola Nossa Senhora Auxiliadora","isPartOf":{"@id":"https:\/\/redeicm.org.br\/auxiliadora\/#website"},"primaryImageOfPage":{"@id":"https:\/\/redeicm.org.br\/auxiliadora\/educacao-infantil\/#primaryimage"},"image":{"@id":"https:\/\/redeicm.org.br\/auxiliadora\/educacao-infantil\/#primaryimage"},"thumbnailUrl":"https:\/\/redeicm.org.br\/auxiliadora\/wp-content\/uploads\/sites\/3\/2024\/08\/banner-educacao-infantil.jpg","datePublished":"2024-08-09T20:33:26+00:00","dateModified":"2025-07-08T20:09:25+00:00","breadcrumb":{"@id":"https:\/\/redeicm.org.br\/auxiliadora\/educacao-infantil\/#breadcrumb"},"inLanguage":"pt-BR","potentialAction":[{"@type":"ReadAction","target":["https:\/\/redeicm.org.br\/auxiliadora\/educacao-infantil\/"]}]},{"@type":"ImageObject","inLanguage":"pt-BR","@id":"https:\/\/redeicm.org.br\/auxiliadora\/educacao-infantil\/#primaryimage","url":"https:\/\/redeicm.org.br\/auxiliadora\/wp-content\/uploads\/sites\/3\/2024\/08\/banner-educacao-infantil.jpg","contentUrl":"https:\/\/redeicm.org.br\/auxiliadora\/wp-content\/uploads\/sites\/3\/2024\/08\/banner-educacao-infantil.jpg","width":1440,"height":400},{"@type":"BreadcrumbList","@id":"https:\/\/redeicm.org.br\/auxiliadora\/educacao-infantil\/#breadcrumb","itemListElement":[{"@type":"ListItem","position":1,"name":"In\u00edcio","item":"https:\/\/redeicm.org.br\/auxiliadora\/"},{"@type":"ListItem","position":2,"name":"Educa\u00e7\u00e3o Infantil"}]},{"@type":"WebSite","@id":"https:\/\/redeicm.org.br\/auxiliadora\/#website","url":"https:\/\/redeicm.org.br\/auxiliadora\/","name":"Escola Nossa Senhora Auxiliadora","description":"","publisher":{"@id":"https:\/\/redeicm.org.br\/auxiliadora\/#organization"},"potentialAction":[{"@type":"SearchAction","target":{"@type":"EntryPoint","urlTemplate":"https:\/\/redeicm.org.br\/auxiliadora\/?s={search_term_string}"},"query-input":{"@type":"PropertyValueSpecification","valueRequired":true,"valueName":"search_term_string"}}],"inLanguage":"pt-BR"},{"@type":"Organization","@id":"https:\/\/redeicm.org.br\/auxiliadora\/#organization","name":"Escola Nossa Senhora Auxiliadora","url":"https:\/\/redeicm.org.br\/auxiliadora\/","logo":{"@type":"ImageObject","inLanguage":"pt-BR","@id":"https:\/\/redeicm.org.br\/auxiliadora\/#\/schema\/logo\/image\/","url":"https:\/\/redeicm.org.br\/auxiliadora\/wp-content\/uploads\/sites\/3\/2024\/08\/ICM_Educacao_Auxiliadora_Preferencial_Cores-1024x401-1.png","contentUrl":"https:\/\/redeicm.org.br\/auxiliadora\/wp-content\/uploads\/sites\/3\/2024\/08\/ICM_Educacao_Auxiliadora_Preferencial_Cores-1024x401-1.png","width":1024,"height":401,"caption":"Escola Nossa Senhora Auxiliadora"},"image":{"@id":"https:\/\/redeicm.org.br\/auxiliadora\/#\/schema\/logo\/image\/"}}]}},"_links":{"self":[{"href":"https:\/\/redeicm.org.br\/auxiliadora\/wp-json\/wp\/v2\/pages\/142","targetHints":{"allow":["GET"]}}],"collection":[{"href":"https:\/\/redeicm.org.br\/auxiliadora\/wp-json\/wp\/v2\/pages"}],"about":[{"href":"https:\/\/redeicm.org.br\/auxiliadora\/wp-json\/wp\/v2\/types\/page"}],"author":[{"embeddable":true,"href":"https:\/\/redeicm.org.br\/auxiliadora\/wp-json\/wp\/v2\/users\/1"}],"replies":[{"embeddable":true,"href":"https:\/\/redeicm.org.br\/auxiliadora\/wp-json\/wp\/v2\/comments?post=142"}],"version-history":[{"count":27,"href":"https:\/\/redeicm.org.br\/auxiliadora\/wp-json\/wp\/v2\/pages\/142\/revisions"}],"predecessor-version":[{"id":2371,"href":"https:\/\/redeicm.org.br\/auxiliadora\/wp-json\/wp\/v2\/pages\/142\/revisions\/2371"}],"wp:featuredmedia":[{"embeddable":true,"href":"https:\/\/redeicm.org.br\/auxiliadora\/wp-json\/wp\/v2\/media\/145"}],"wp:attachment":[{"href":"https:\/\/redeicm.org.br\/auxiliadora\/wp-json\/wp\/v2\/media?parent=142"}],"curies":[{"name":"wp","href":"https:\/\/api.w.org\/{rel}","templated":true}]}}