{"id":379,"date":"2024-08-15T14:25:52","date_gmt":"2024-08-15T17:25:52","guid":{"rendered":"https:\/\/redeicm.org.br\/aparecida\/?page_id=379"},"modified":"2024-08-15T14:26:16","modified_gmt":"2024-08-15T17:26:16","slug":"sistema-de-avaliacao","status":"publish","type":"page","link":"https:\/\/redeicm.org.br\/aparecida\/sistema-de-avaliacao\/","title":{"rendered":"Sistema de Avalia\u00e7\u00e3o"},"content":{"rendered":"\t\t<div data-elementor-type=\"wp-page\" data-elementor-id=\"379\" class=\"elementor elementor-379\" data-elementor-post-type=\"page\">\n\t\t\t\t<div class=\"elementor-element elementor-element-4d8a539 e-flex e-con-boxed e-con e-parent\" data-id=\"4d8a539\" data-element_type=\"container\" data-e-type=\"container\" data-settings=\"{&quot;background_background&quot;:&quot;classic&quot;}\">\n\t\t\t\t\t<div class=\"e-con-inner\">\n\t\t\t\t<div class=\"elementor-element elementor-element-11648b8 elementor-widget elementor-widget-heading\" data-id=\"11648b8\" data-element_type=\"widget\" data-e-type=\"widget\" data-widget_type=\"heading.default\">\n\t\t\t\t<div class=\"elementor-widget-container\">\n\t\t\t\t\t<h1 class=\"elementor-heading-title elementor-size-default\">Sistema de Avalia\u00e7\u00e3o\n<\/h1>\t\t\t\t<\/div>\n\t\t\t\t<\/div>\n\t\t\t\t\t<\/div>\n\t\t\t\t<\/div>\n\t\t<div class=\"elementor-element elementor-element-aec62a4 e-con-full e-flex e-con e-parent\" data-id=\"aec62a4\" data-element_type=\"container\" data-e-type=\"container\">\n\t\t<div class=\"elementor-element elementor-element-d30fc5c e-flex e-con-boxed e-con e-child\" data-id=\"d30fc5c\" data-element_type=\"container\" data-e-type=\"container\">\n\t\t\t\t\t<div class=\"e-con-inner\">\n\t\t\t\t<div class=\"elementor-element elementor-element-de0c6d4 elementor-invisible elementor-widget elementor-widget-text-editor\" data-id=\"de0c6d4\" data-element_type=\"widget\" data-e-type=\"widget\" data-settings=\"{&quot;_animation&quot;:&quot;fadeInUp&quot;}\" data-widget_type=\"text-editor.default\">\n\t\t\t\t<div class=\"elementor-widget-container\">\n\t\t\t\t\t\t\t\t\t<p>Educa\u00e7\u00e3o Infantil: tem dimens\u00e3o formadora, com o acompanhamento do processo cont\u00ednuo de desenvolvimento das crian\u00e7as e da apropria\u00e7\u00e3o do conhecimento como suporte para a a\u00e7\u00e3o educativa.<\/p><p>Ensino Fundamental: ser\u00e1 cont\u00ednua e cumulativa, com preval\u00eancia nos aspectos qualitativos sobre os quantitativos. Os resultados ser\u00e3o expressos em forma de notas de 0,0 a 10,0 com reten\u00e7\u00e3o ao final do ano para os alunos que n\u00e3o atingirem a m\u00e9dia 6,0 (seis v\u00edrgula zero).<\/p>\t\t\t\t\t\t\t\t<\/div>\n\t\t\t\t<\/div>\n\t\t\t\t\t<\/div>\n\t\t\t\t<\/div>\n\t\t\t\t<\/div>\n\t\t\t\t<\/div>\n\t\t","protected":false},"excerpt":{"rendered":"<p>Sistema de Avalia\u00e7\u00e3o Educa\u00e7\u00e3o Infantil: tem dimens\u00e3o formadora, com o acompanhamento do processo cont\u00ednuo de desenvolvimento das crian\u00e7as e da apropria\u00e7\u00e3o do conhecimento como suporte para a a\u00e7\u00e3o educativa. Ensino Fundamental: ser\u00e1 cont\u00ednua e cumulativa, com preval\u00eancia nos aspectos qualitativos sobre os quantitativos. Os resultados ser\u00e3o expressos em forma de notas de 0,0 a 10,0 [&hellip;]<\/p>\n","protected":false},"author":1,"featured_media":0,"parent":0,"menu_order":0,"comment_status":"closed","ping_status":"closed","template":"","meta":{"_acf_changed":false,"footnotes":""},"class_list":["post-379","page","type-page","status-publish","hentry"],"acf":[],"yoast_head":"<!-- This site is optimized with the Yoast SEO plugin v26.3 - https:\/\/yoast.com\/wordpress\/plugins\/seo\/ -->\n<title>Sistema de Avalia\u00e7\u00e3o - Escola Nossa Senhora Aparecida | Rede ICM de Educa\u00e7\u00e3o<\/title>\n<meta name=\"robots\" content=\"index, follow, max-snippet:-1, max-image-preview:large, max-video-preview:-1\" \/>\n<link rel=\"canonical\" href=\"https:\/\/redeicm.org.br\/aparecida\/sistema-de-avaliacao\/\" \/>\n<meta property=\"og:locale\" content=\"pt_BR\" \/>\n<meta property=\"og:type\" content=\"article\" \/>\n<meta property=\"og:title\" content=\"Sistema de Avalia\u00e7\u00e3o - Escola Nossa Senhora Aparecida | Rede ICM de Educa\u00e7\u00e3o\" \/>\n<meta property=\"og:description\" content=\"Sistema de Avalia\u00e7\u00e3o Educa\u00e7\u00e3o Infantil: tem dimens\u00e3o formadora, com o acompanhamento do processo cont\u00ednuo de desenvolvimento das crian\u00e7as e da apropria\u00e7\u00e3o do conhecimento como suporte para a a\u00e7\u00e3o educativa. Ensino Fundamental: ser\u00e1 cont\u00ednua e cumulativa, com preval\u00eancia nos aspectos qualitativos sobre os quantitativos. Os resultados ser\u00e3o expressos em forma de notas de 0,0 a 10,0 [&hellip;]\" \/>\n<meta property=\"og:url\" content=\"https:\/\/redeicm.org.br\/aparecida\/sistema-de-avaliacao\/\" \/>\n<meta property=\"og:site_name\" content=\"Escola Nossa Senhora Aparecida | Rede ICM de Educa\u00e7\u00e3o\" \/>\n<meta property=\"article:modified_time\" content=\"2024-08-15T17:26:16+00:00\" \/>\n<meta name=\"twitter:card\" content=\"summary_large_image\" \/>\n<script type=\"application\/ld+json\" class=\"yoast-schema-graph\">{\"@context\":\"https:\/\/schema.org\",\"@graph\":[{\"@type\":\"WebPage\",\"@id\":\"https:\/\/redeicm.org.br\/aparecida\/sistema-de-avaliacao\/\",\"url\":\"https:\/\/redeicm.org.br\/aparecida\/sistema-de-avaliacao\/\",\"name\":\"Sistema de Avalia\u00e7\u00e3o - Escola Nossa Senhora Aparecida | Rede ICM de Educa\u00e7\u00e3o\",\"isPartOf\":{\"@id\":\"https:\/\/redeicm.org.br\/aparecida\/#website\"},\"datePublished\":\"2024-08-15T17:25:52+00:00\",\"dateModified\":\"2024-08-15T17:26:16+00:00\",\"breadcrumb\":{\"@id\":\"https:\/\/redeicm.org.br\/aparecida\/sistema-de-avaliacao\/#breadcrumb\"},\"inLanguage\":\"pt-BR\",\"potentialAction\":[{\"@type\":\"ReadAction\",\"target\":[\"https:\/\/redeicm.org.br\/aparecida\/sistema-de-avaliacao\/\"]}]},{\"@type\":\"BreadcrumbList\",\"@id\":\"https:\/\/redeicm.org.br\/aparecida\/sistema-de-avaliacao\/#breadcrumb\",\"itemListElement\":[{\"@type\":\"ListItem\",\"position\":1,\"name\":\"In\u00edcio\",\"item\":\"https:\/\/redeicm.org.br\/aparecida\/\"},{\"@type\":\"ListItem\",\"position\":2,\"name\":\"Sistema de Avalia\u00e7\u00e3o\"}]},{\"@type\":\"WebSite\",\"@id\":\"https:\/\/redeicm.org.br\/aparecida\/#website\",\"url\":\"https:\/\/redeicm.org.br\/aparecida\/\",\"name\":\"Escola Nossa Senhora Aparecida | Rede ICM de Educa\u00e7\u00e3o\",\"description\":\"\",\"publisher\":{\"@id\":\"https:\/\/redeicm.org.br\/aparecida\/#organization\"},\"potentialAction\":[{\"@type\":\"SearchAction\",\"target\":{\"@type\":\"EntryPoint\",\"urlTemplate\":\"https:\/\/redeicm.org.br\/aparecida\/?s={search_term_string}\"},\"query-input\":{\"@type\":\"PropertyValueSpecification\",\"valueRequired\":true,\"valueName\":\"search_term_string\"}}],\"inLanguage\":\"pt-BR\"},{\"@type\":\"Organization\",\"@id\":\"https:\/\/redeicm.org.br\/aparecida\/#organization\",\"name\":\"Escola Nossa Senhora Aparecida | Rede ICM de Educa\u00e7\u00e3o\",\"url\":\"https:\/\/redeicm.org.br\/aparecida\/\",\"logo\":{\"@type\":\"ImageObject\",\"inLanguage\":\"pt-BR\",\"@id\":\"https:\/\/redeicm.org.br\/aparecida\/#\/schema\/logo\/image\/\",\"url\":\"https:\/\/redeicm.org.br\/aparecida\/wp-content\/uploads\/sites\/4\/2024\/08\/logo-aparecida-header4.png\",\"contentUrl\":\"https:\/\/redeicm.org.br\/aparecida\/wp-content\/uploads\/sites\/4\/2024\/08\/logo-aparecida-header4.png\",\"width\":2735,\"height\":772,\"caption\":\"Escola Nossa Senhora Aparecida | Rede ICM de Educa\u00e7\u00e3o\"},\"image\":{\"@id\":\"https:\/\/redeicm.org.br\/aparecida\/#\/schema\/logo\/image\/\"}}]}<\/script>\n<!-- \/ Yoast SEO plugin. -->","yoast_head_json":{"title":"Sistema de Avalia\u00e7\u00e3o - Escola Nossa Senhora Aparecida | Rede ICM de Educa\u00e7\u00e3o","robots":{"index":"index","follow":"follow","max-snippet":"max-snippet:-1","max-image-preview":"max-image-preview:large","max-video-preview":"max-video-preview:-1"},"canonical":"https:\/\/redeicm.org.br\/aparecida\/sistema-de-avaliacao\/","og_locale":"pt_BR","og_type":"article","og_title":"Sistema de Avalia\u00e7\u00e3o - Escola Nossa Senhora Aparecida | Rede ICM de Educa\u00e7\u00e3o","og_description":"Sistema de Avalia\u00e7\u00e3o Educa\u00e7\u00e3o Infantil: tem dimens\u00e3o formadora, com o acompanhamento do processo cont\u00ednuo de desenvolvimento das crian\u00e7as e da apropria\u00e7\u00e3o do conhecimento como suporte para a a\u00e7\u00e3o educativa. Ensino Fundamental: ser\u00e1 cont\u00ednua e cumulativa, com preval\u00eancia nos aspectos qualitativos sobre os quantitativos. Os resultados ser\u00e3o expressos em forma de notas de 0,0 a 10,0 [&hellip;]","og_url":"https:\/\/redeicm.org.br\/aparecida\/sistema-de-avaliacao\/","og_site_name":"Escola Nossa Senhora Aparecida | Rede ICM de Educa\u00e7\u00e3o","article_modified_time":"2024-08-15T17:26:16+00:00","twitter_card":"summary_large_image","schema":{"@context":"https:\/\/schema.org","@graph":[{"@type":"WebPage","@id":"https:\/\/redeicm.org.br\/aparecida\/sistema-de-avaliacao\/","url":"https:\/\/redeicm.org.br\/aparecida\/sistema-de-avaliacao\/","name":"Sistema de Avalia\u00e7\u00e3o - Escola Nossa Senhora Aparecida | Rede ICM de Educa\u00e7\u00e3o","isPartOf":{"@id":"https:\/\/redeicm.org.br\/aparecida\/#website"},"datePublished":"2024-08-15T17:25:52+00:00","dateModified":"2024-08-15T17:26:16+00:00","breadcrumb":{"@id":"https:\/\/redeicm.org.br\/aparecida\/sistema-de-avaliacao\/#breadcrumb"},"inLanguage":"pt-BR","potentialAction":[{"@type":"ReadAction","target":["https:\/\/redeicm.org.br\/aparecida\/sistema-de-avaliacao\/"]}]},{"@type":"BreadcrumbList","@id":"https:\/\/redeicm.org.br\/aparecida\/sistema-de-avaliacao\/#breadcrumb","itemListElement":[{"@type":"ListItem","position":1,"name":"In\u00edcio","item":"https:\/\/redeicm.org.br\/aparecida\/"},{"@type":"ListItem","position":2,"name":"Sistema de Avalia\u00e7\u00e3o"}]},{"@type":"WebSite","@id":"https:\/\/redeicm.org.br\/aparecida\/#website","url":"https:\/\/redeicm.org.br\/aparecida\/","name":"Escola Nossa Senhora Aparecida | Rede ICM de Educa\u00e7\u00e3o","description":"","publisher":{"@id":"https:\/\/redeicm.org.br\/aparecida\/#organization"},"potentialAction":[{"@type":"SearchAction","target":{"@type":"EntryPoint","urlTemplate":"https:\/\/redeicm.org.br\/aparecida\/?s={search_term_string}"},"query-input":{"@type":"PropertyValueSpecification","valueRequired":true,"valueName":"search_term_string"}}],"inLanguage":"pt-BR"},{"@type":"Organization","@id":"https:\/\/redeicm.org.br\/aparecida\/#organization","name":"Escola Nossa Senhora Aparecida | Rede ICM de Educa\u00e7\u00e3o","url":"https:\/\/redeicm.org.br\/aparecida\/","logo":{"@type":"ImageObject","inLanguage":"pt-BR","@id":"https:\/\/redeicm.org.br\/aparecida\/#\/schema\/logo\/image\/","url":"https:\/\/redeicm.org.br\/aparecida\/wp-content\/uploads\/sites\/4\/2024\/08\/logo-aparecida-header4.png","contentUrl":"https:\/\/redeicm.org.br\/aparecida\/wp-content\/uploads\/sites\/4\/2024\/08\/logo-aparecida-header4.png","width":2735,"height":772,"caption":"Escola Nossa Senhora Aparecida | Rede ICM de Educa\u00e7\u00e3o"},"image":{"@id":"https:\/\/redeicm.org.br\/aparecida\/#\/schema\/logo\/image\/"}}]}},"_links":{"self":[{"href":"https:\/\/redeicm.org.br\/aparecida\/wp-json\/wp\/v2\/pages\/379","targetHints":{"allow":["GET"]}}],"collection":[{"href":"https:\/\/redeicm.org.br\/aparecida\/wp-json\/wp\/v2\/pages"}],"about":[{"href":"https:\/\/redeicm.org.br\/aparecida\/wp-json\/wp\/v2\/types\/page"}],"author":[{"embeddable":true,"href":"https:\/\/redeicm.org.br\/aparecida\/wp-json\/wp\/v2\/users\/1"}],"replies":[{"embeddable":true,"href":"https:\/\/redeicm.org.br\/aparecida\/wp-json\/wp\/v2\/comments?post=379"}],"version-history":[{"count":0,"href":"https:\/\/redeicm.org.br\/aparecida\/wp-json\/wp\/v2\/pages\/379\/revisions"}],"wp:attachment":[{"href":"https:\/\/redeicm.org.br\/aparecida\/wp-json\/wp\/v2\/media?parent=379"}],"curies":[{"name":"wp","href":"https:\/\/api.w.org\/{rel}","templated":true}]}}