{"id":3372,"date":"2025-05-19T16:15:49","date_gmt":"2025-05-19T19:15:49","guid":{"rendered":"https:\/\/redeicm.org.br\/aparecida\/?page_id=3372"},"modified":"2025-09-01T15:40:12","modified_gmt":"2025-09-01T18:40:12","slug":"bolsa-de-estudos","status":"publish","type":"page","link":"https:\/\/redeicm.org.br\/aparecida\/bolsa-de-estudos\/","title":{"rendered":"Bolsa de Estudos"},"content":{"rendered":"\t\t<div data-elementor-type=\"wp-page\" data-elementor-id=\"3372\" class=\"elementor elementor-3372\" data-elementor-post-type=\"page\">\n\t\t\t\t<div class=\"elementor-element elementor-element-9910c26 e-flex e-con-boxed e-con e-parent\" data-id=\"9910c26\" data-element_type=\"container\" data-e-type=\"container\" data-settings=\"{&quot;background_background&quot;:&quot;classic&quot;}\">\n\t\t\t\t\t<div class=\"e-con-inner\">\n\t\t\t\t<div class=\"elementor-element elementor-element-5efdb55 elementor-widget elementor-widget-heading\" data-id=\"5efdb55\" data-element_type=\"widget\" data-e-type=\"widget\" data-widget_type=\"heading.default\">\n\t\t\t\t<div class=\"elementor-widget-container\">\n\t\t\t\t\t<h1 class=\"elementor-heading-title elementor-size-default\">Bolsa de Estudos\n<\/h1>\t\t\t\t<\/div>\n\t\t\t\t<\/div>\n\t\t\t\t<div class=\"elementor-element elementor-element-5dd3265 elementor-widget__width-initial elementor-widget elementor-widget-image\" data-id=\"5dd3265\" data-element_type=\"widget\" data-e-type=\"widget\" data-widget_type=\"image.default\">\n\t\t\t\t<div class=\"elementor-widget-container\">\n\t\t\t\t\t\t\t\t\t\t\t\t\t\t\t\t<a href=\"https:\/\/drive.google.com\/file\/d\/1lNS9LOSJURQnBoiGy4tyFM4JVp3fhkHj\/view?usp=drive_link\">\n\t\t\t\t\t\t\t<img fetchpriority=\"high\" decoding=\"async\" width=\"1348\" height=\"342\" src=\"https:\/\/redeicm.org.br\/aparecida\/wp-content\/uploads\/sites\/4\/2025\/08\/Aparecida.png\" class=\"attachment-1536x1536 size-1536x1536 wp-image-3603\" alt=\"\" srcset=\"https:\/\/redeicm.org.br\/aparecida\/wp-content\/uploads\/sites\/4\/2025\/08\/Aparecida.png 1348w, https:\/\/redeicm.org.br\/aparecida\/wp-content\/uploads\/sites\/4\/2025\/08\/Aparecida-300x76.png 300w, https:\/\/redeicm.org.br\/aparecida\/wp-content\/uploads\/sites\/4\/2025\/08\/Aparecida-1024x260.png 1024w, https:\/\/redeicm.org.br\/aparecida\/wp-content\/uploads\/sites\/4\/2025\/08\/Aparecida-768x195.png 768w\" sizes=\"(max-width: 1348px) 100vw, 1348px\" \/>\t\t\t\t\t\t\t\t<\/a>\n\t\t\t\t\t\t\t\t\t\t\t\t\t\t\t<\/div>\n\t\t\t\t<\/div>\n\t\t\t\t\t<\/div>\n\t\t\t\t<\/div>\n\t\t<div class=\"elementor-element elementor-element-e7dfcf9 e-con-full e-flex e-con e-parent\" data-id=\"e7dfcf9\" data-element_type=\"container\" data-e-type=\"container\">\n\t\t<div class=\"elementor-element elementor-element-41bc72b e-flex e-con-boxed e-con e-child\" data-id=\"41bc72b\" data-element_type=\"container\" data-e-type=\"container\">\n\t\t\t\t\t<div class=\"e-con-inner\">\n\t\t\t\t<div class=\"elementor-element elementor-element-c375783 elementor-invisible elementor-widget elementor-widget-text-editor\" data-id=\"c375783\" data-element_type=\"widget\" data-e-type=\"widget\" data-settings=\"{&quot;_animation&quot;:&quot;fadeInUp&quot;}\" data-widget_type=\"text-editor.default\">\n\t\t\t\t<div class=\"elementor-widget-container\">\n\t\t\t\t\t\t\t\t\t<p>A Rede ICM disponibiliza, anualmente, um n\u00famero pr\u00e9-determinado de bolsas de estudo. Inicialmente, estas bolsas s\u00e3o oferecidas para os alunos j\u00e1 bolsistas renovarem e, havendo bolsas extras, disponibilizadas \u00e0 comunidade em geral.<br \/>O crit\u00e9rio \u00e9 por renda per capta.<br \/>O edital ser\u00e1 publicado entre o final de agosto e in\u00edcio de setembro. Fique atento ao nosso site neste per\u00edodo, para obter mais\u00a0informa\u00e7\u00f5es.<\/p><p>As unidades de ensino e socioassistenciais, em seu fazer educativo, favorecem a constru\u00e7\u00e3o do conhecimento e do desenvolvimento humano, cient\u00edfico, tecnol\u00f3gico e espiritual; contribuem para a forma\u00e7\u00e3o de cidad\u00e3os capazes de analisar, compreender, posicionar-se e intervir na realidade, promovendo transforma\u00e7\u00f5es sociais, com vistas ao bem estar da pessoa, no plano pessoal e coletivo.<\/p><p>Assim, a Rede ICM de Educa\u00e7\u00e3o e Assist\u00eancia Social garante a excel\u00eancia humana e pedag\u00f3gica, sempre Comprometida com o Futuro.<\/p><p>Acesse o edital <a href=\"https:\/\/drive.google.com\/file\/d\/1lNS9LOSJURQnBoiGy4tyFM4JVp3fhkHj\/view?usp=drive_link\">aqui<\/a>.<\/p>\t\t\t\t\t\t\t\t<\/div>\n\t\t\t\t<\/div>\n\t\t\t\t\t<\/div>\n\t\t\t\t<\/div>\n\t\t\t\t<\/div>\n\t\t<div class=\"elementor-element elementor-element-1b28508 e-flex e-con-boxed e-con e-parent\" data-id=\"1b28508\" data-element_type=\"container\" data-e-type=\"container\">\n\t\t\t\t\t<div class=\"e-con-inner\">\n\t\t\t\t<div class=\"elementor-element elementor-element-03b6b1b elementor-widget elementor-widget-embedpress_pdf\" data-id=\"03b6b1b\" data-element_type=\"widget\" data-e-type=\"widget\" data-widget_type=\"embedpress_pdf.default\">\n\t\t\t\t<div class=\"elementor-widget-container\">\n\t\t\t\t\t    <div class=\"embedpress-document-embed ep-doc-c42c9942a4383b90090c868b8a8fda6f ose-document emebedpress-unit-percent \" data-thememode=\"default\" data-customcolor=\"\" data-toolbar=\"yes\" data-toolbar-position=\"top\" data-open=\"no\" data-presentation-mode=\"yes\" data-download=\"yes\" data-copy=\"yes\" data-add-image=\"yes\" data-rotate=\"yes\" data-details=\"yes\" data-id=\"embedpress-pdf-03b6b1b\" data-selection-tool=\"0\" data-scrolling=\"0\" data-spreads=\"-1\" style=\" max-width:100%; display: inline-block\">\n\n        \n                <div >\n\n                    <div id=\"ep-elementor-content-03b6b1b\" class=\"ep-elementor-content   ep-percentage-width   ep-content-protection-disabled\">\n                        <div id=\"03b6b1b\" class=\"ep-embed-content-wraper\">\n                            <div><iframe title=\"Edital Bolsa de estudos 2026 Escola Aparecida\" class=\"embedpress-embed-document-pdf embedpress-pdf-03b6b1b\" style=\"width: 100%!important;height: 600px;; max-width:100%; display: inline-block\" src=\"https:\/\/redeicm.org.br\/aparecida\/wp-admin\/admin-ajax.php?action=get_viewer&#038;file=https%3A%2F%2Fredeicm.org.br%2Faparecida%2Fwp-content%2Fuploads%2Fsites%2F4%2F2025%2F09%2FEdital-Bolsa-de-estudos-2026-Escola-Aparecida.pdf&#038;scrolling=0&#038;selection_tool=0&#038;spreads=-1#key=dGhlbWVNb2RlPWRlZmF1bHQmdG9vbGJhcj10cnVlJnBvc2l0aW9uPXRvcCZwcmVzZW50YXRpb249dHJ1ZSZsYXp5TG9hZD1mYWxzZSZkb3dubG9hZD10cnVlJmNvcHlfdGV4dD10cnVlJmFkZF90ZXh0PXRydWUmZHJhdz10cnVlJmFkZF9pbWFnZT10cnVlJnBkZl9yb3RhdGlvbj10cnVlJnBkZl9kZXRhaWxzPXRydWUmem9vbV9pbj10cnVlJnpvb21fb3V0PXRydWUmZml0X3ZpZXc9dHJ1ZSZib29rbWFyaz10cnVlJnNvdW5kPXRydWUmZmxpcGJvb2tfdG9vbGJhcl9wb3NpdGlvbj1ib3R0b20mc2VsZWN0aW9uX3Rvb2w9MCZzY3JvbGxpbmc9MCZzcHJlYWRzPS0xJmlzX3Byb19hY3RpdmU9MA==&#038;zoom=auto\" class=\"embedpress-embed-document-pdf embedpress-pdf-03b6b1b\" data-emid=\"embedpress-pdf-03b6b1b\" data-embed-type=\"PDF\" frameborder=\"0\"><\/iframe><p class=\"embedpress-el-powered\">Desenvolvido por EmbedPress<\/p><\/div>                        <\/div>\n\n                    <\/div>\n\n\n                   \n                <\/div>\n            \n    <\/div>\n\n\t\t\t\t<\/div>\n\t\t\t\t<\/div>\n\t\t\t\t\t<\/div>\n\t\t\t\t<\/div>\n\t\t<div class=\"elementor-element elementor-element-e3b5098 e-flex e-con-boxed e-con e-parent\" data-id=\"e3b5098\" data-element_type=\"container\" data-e-type=\"container\">\n\t\t\t\t\t<div class=\"e-con-inner\">\n\t\t\t\t<div class=\"elementor-element elementor-element-f78e2bf elementor-widget elementor-widget-embedpress_pdf\" data-id=\"f78e2bf\" data-element_type=\"widget\" data-e-type=\"widget\" data-widget_type=\"embedpress_pdf.default\">\n\t\t\t\t<div class=\"elementor-widget-container\">\n\t\t\t\t\t    <div class=\"embedpress-document-embed ep-doc-8074abf7a7a1fa4cc0c749bb9441d0f2 ose-document emebedpress-unit-percent \" data-thememode=\"default\" data-customcolor=\"\" data-toolbar=\"yes\" data-toolbar-position=\"top\" data-open=\"no\" data-presentation-mode=\"yes\" data-download=\"yes\" data-copy=\"yes\" data-add-image=\"yes\" data-rotate=\"yes\" data-details=\"yes\" data-id=\"embedpress-pdf-f78e2bf\" data-selection-tool=\"0\" data-scrolling=\"0\" data-spreads=\"-1\" style=\" max-width:100%; display: inline-block\">\n\n        \n    <\/div>\n\n\t\t\t\t<\/div>\n\t\t\t\t<\/div>\n\t\t\t\t\t<\/div>\n\t\t\t\t<\/div>\n\t\t\t\t<\/div>\n\t\t","protected":false},"excerpt":{"rendered":"<p>Bolsa de Estudos A Rede ICM disponibiliza, anualmente, um n\u00famero pr\u00e9-determinado de bolsas de estudo. Inicialmente, estas bolsas s\u00e3o oferecidas para os alunos j\u00e1 bolsistas renovarem e, havendo bolsas extras, disponibilizadas \u00e0 comunidade em geral.O crit\u00e9rio \u00e9 por renda per capta.O edital ser\u00e1 publicado entre o final de agosto e in\u00edcio de setembro. Fique atento [&hellip;]<\/p>\n","protected":false},"author":1,"featured_media":0,"parent":0,"menu_order":0,"comment_status":"closed","ping_status":"closed","template":"","meta":{"_acf_changed":false,"footnotes":""},"class_list":["post-3372","page","type-page","status-publish","hentry"],"acf":[],"yoast_head":"<!-- This site is optimized with the Yoast SEO plugin v26.3 - https:\/\/yoast.com\/wordpress\/plugins\/seo\/ -->\n<title>Bolsa de Estudos - Escola Nossa Senhora Aparecida | Rede ICM de Educa\u00e7\u00e3o<\/title>\n<meta name=\"robots\" content=\"index, follow, max-snippet:-1, max-image-preview:large, max-video-preview:-1\" \/>\n<link rel=\"canonical\" href=\"https:\/\/redeicm.org.br\/aparecida\/bolsa-de-estudos\/\" \/>\n<meta property=\"og:locale\" content=\"pt_BR\" \/>\n<meta property=\"og:type\" content=\"article\" \/>\n<meta property=\"og:title\" content=\"Bolsa de Estudos - Escola Nossa Senhora Aparecida | Rede ICM de Educa\u00e7\u00e3o\" \/>\n<meta property=\"og:description\" content=\"Bolsa de Estudos A Rede ICM disponibiliza, anualmente, um n\u00famero pr\u00e9-determinado de bolsas de estudo. Inicialmente, estas bolsas s\u00e3o oferecidas para os alunos j\u00e1 bolsistas renovarem e, havendo bolsas extras, disponibilizadas \u00e0 comunidade em geral.O crit\u00e9rio \u00e9 por renda per capta.O edital ser\u00e1 publicado entre o final de agosto e in\u00edcio de setembro. Fique atento [&hellip;]\" \/>\n<meta property=\"og:url\" content=\"https:\/\/redeicm.org.br\/aparecida\/bolsa-de-estudos\/\" \/>\n<meta property=\"og:site_name\" content=\"Escola Nossa Senhora Aparecida | Rede ICM de Educa\u00e7\u00e3o\" \/>\n<meta property=\"article:modified_time\" content=\"2025-09-01T18:40:12+00:00\" \/>\n<meta property=\"og:image\" content=\"https:\/\/redeicm.org.br\/aparecida\/wp-content\/uploads\/sites\/4\/2025\/08\/Aparecida.png\" \/>\n\t<meta property=\"og:image:width\" content=\"1348\" \/>\n\t<meta property=\"og:image:height\" content=\"342\" \/>\n\t<meta property=\"og:image:type\" content=\"image\/png\" \/>\n<meta name=\"twitter:card\" content=\"summary_large_image\" \/>\n<meta name=\"twitter:label1\" content=\"Est. tempo de leitura\" \/>\n\t<meta name=\"twitter:data1\" content=\"2 minutos\" \/>\n<script type=\"application\/ld+json\" class=\"yoast-schema-graph\">{\"@context\":\"https:\/\/schema.org\",\"@graph\":[{\"@type\":\"WebPage\",\"@id\":\"https:\/\/redeicm.org.br\/aparecida\/bolsa-de-estudos\/\",\"url\":\"https:\/\/redeicm.org.br\/aparecida\/bolsa-de-estudos\/\",\"name\":\"Bolsa de Estudos - Escola Nossa Senhora Aparecida | Rede ICM de Educa\u00e7\u00e3o\",\"isPartOf\":{\"@id\":\"https:\/\/redeicm.org.br\/aparecida\/#website\"},\"primaryImageOfPage\":{\"@id\":\"https:\/\/redeicm.org.br\/aparecida\/bolsa-de-estudos\/#primaryimage\"},\"image\":{\"@id\":\"https:\/\/redeicm.org.br\/aparecida\/bolsa-de-estudos\/#primaryimage\"},\"thumbnailUrl\":\"https:\/\/redeicm.org.br\/aparecida\/wp-content\/uploads\/sites\/4\/2025\/08\/Aparecida.png\",\"datePublished\":\"2025-05-19T19:15:49+00:00\",\"dateModified\":\"2025-09-01T18:40:12+00:00\",\"breadcrumb\":{\"@id\":\"https:\/\/redeicm.org.br\/aparecida\/bolsa-de-estudos\/#breadcrumb\"},\"inLanguage\":\"pt-BR\",\"potentialAction\":[{\"@type\":\"ReadAction\",\"target\":[\"https:\/\/redeicm.org.br\/aparecida\/bolsa-de-estudos\/\"]}]},{\"@type\":\"ImageObject\",\"inLanguage\":\"pt-BR\",\"@id\":\"https:\/\/redeicm.org.br\/aparecida\/bolsa-de-estudos\/#primaryimage\",\"url\":\"https:\/\/redeicm.org.br\/aparecida\/wp-content\/uploads\/sites\/4\/2025\/08\/Aparecida.png\",\"contentUrl\":\"https:\/\/redeicm.org.br\/aparecida\/wp-content\/uploads\/sites\/4\/2025\/08\/Aparecida.png\",\"width\":1348,\"height\":342},{\"@type\":\"BreadcrumbList\",\"@id\":\"https:\/\/redeicm.org.br\/aparecida\/bolsa-de-estudos\/#breadcrumb\",\"itemListElement\":[{\"@type\":\"ListItem\",\"position\":1,\"name\":\"In\u00edcio\",\"item\":\"https:\/\/redeicm.org.br\/aparecida\/\"},{\"@type\":\"ListItem\",\"position\":2,\"name\":\"Bolsa de Estudos\"}]},{\"@type\":\"WebSite\",\"@id\":\"https:\/\/redeicm.org.br\/aparecida\/#website\",\"url\":\"https:\/\/redeicm.org.br\/aparecida\/\",\"name\":\"Escola Nossa Senhora Aparecida | Rede ICM de Educa\u00e7\u00e3o\",\"description\":\"\",\"publisher\":{\"@id\":\"https:\/\/redeicm.org.br\/aparecida\/#organization\"},\"potentialAction\":[{\"@type\":\"SearchAction\",\"target\":{\"@type\":\"EntryPoint\",\"urlTemplate\":\"https:\/\/redeicm.org.br\/aparecida\/?s={search_term_string}\"},\"query-input\":{\"@type\":\"PropertyValueSpecification\",\"valueRequired\":true,\"valueName\":\"search_term_string\"}}],\"inLanguage\":\"pt-BR\"},{\"@type\":\"Organization\",\"@id\":\"https:\/\/redeicm.org.br\/aparecida\/#organization\",\"name\":\"Escola Nossa Senhora Aparecida | Rede ICM de Educa\u00e7\u00e3o\",\"url\":\"https:\/\/redeicm.org.br\/aparecida\/\",\"logo\":{\"@type\":\"ImageObject\",\"inLanguage\":\"pt-BR\",\"@id\":\"https:\/\/redeicm.org.br\/aparecida\/#\/schema\/logo\/image\/\",\"url\":\"https:\/\/redeicm.org.br\/aparecida\/wp-content\/uploads\/sites\/4\/2024\/08\/logo-aparecida-header4.png\",\"contentUrl\":\"https:\/\/redeicm.org.br\/aparecida\/wp-content\/uploads\/sites\/4\/2024\/08\/logo-aparecida-header4.png\",\"width\":2735,\"height\":772,\"caption\":\"Escola Nossa Senhora Aparecida | Rede ICM de Educa\u00e7\u00e3o\"},\"image\":{\"@id\":\"https:\/\/redeicm.org.br\/aparecida\/#\/schema\/logo\/image\/\"}}]}<\/script>\n<!-- \/ Yoast SEO plugin. -->","yoast_head_json":{"title":"Bolsa de Estudos - Escola Nossa Senhora Aparecida | Rede ICM de Educa\u00e7\u00e3o","robots":{"index":"index","follow":"follow","max-snippet":"max-snippet:-1","max-image-preview":"max-image-preview:large","max-video-preview":"max-video-preview:-1"},"canonical":"https:\/\/redeicm.org.br\/aparecida\/bolsa-de-estudos\/","og_locale":"pt_BR","og_type":"article","og_title":"Bolsa de Estudos - Escola Nossa Senhora Aparecida | Rede ICM de Educa\u00e7\u00e3o","og_description":"Bolsa de Estudos A Rede ICM disponibiliza, anualmente, um n\u00famero pr\u00e9-determinado de bolsas de estudo. Inicialmente, estas bolsas s\u00e3o oferecidas para os alunos j\u00e1 bolsistas renovarem e, havendo bolsas extras, disponibilizadas \u00e0 comunidade em geral.O crit\u00e9rio \u00e9 por renda per capta.O edital ser\u00e1 publicado entre o final de agosto e in\u00edcio de setembro. Fique atento [&hellip;]","og_url":"https:\/\/redeicm.org.br\/aparecida\/bolsa-de-estudos\/","og_site_name":"Escola Nossa Senhora Aparecida | Rede ICM de Educa\u00e7\u00e3o","article_modified_time":"2025-09-01T18:40:12+00:00","og_image":[{"width":1348,"height":342,"url":"https:\/\/redeicm.org.br\/aparecida\/wp-content\/uploads\/sites\/4\/2025\/08\/Aparecida.png","type":"image\/png"}],"twitter_card":"summary_large_image","twitter_misc":{"Est. tempo de leitura":"2 minutos"},"schema":{"@context":"https:\/\/schema.org","@graph":[{"@type":"WebPage","@id":"https:\/\/redeicm.org.br\/aparecida\/bolsa-de-estudos\/","url":"https:\/\/redeicm.org.br\/aparecida\/bolsa-de-estudos\/","name":"Bolsa de Estudos - Escola Nossa Senhora Aparecida | Rede ICM de Educa\u00e7\u00e3o","isPartOf":{"@id":"https:\/\/redeicm.org.br\/aparecida\/#website"},"primaryImageOfPage":{"@id":"https:\/\/redeicm.org.br\/aparecida\/bolsa-de-estudos\/#primaryimage"},"image":{"@id":"https:\/\/redeicm.org.br\/aparecida\/bolsa-de-estudos\/#primaryimage"},"thumbnailUrl":"https:\/\/redeicm.org.br\/aparecida\/wp-content\/uploads\/sites\/4\/2025\/08\/Aparecida.png","datePublished":"2025-05-19T19:15:49+00:00","dateModified":"2025-09-01T18:40:12+00:00","breadcrumb":{"@id":"https:\/\/redeicm.org.br\/aparecida\/bolsa-de-estudos\/#breadcrumb"},"inLanguage":"pt-BR","potentialAction":[{"@type":"ReadAction","target":["https:\/\/redeicm.org.br\/aparecida\/bolsa-de-estudos\/"]}]},{"@type":"ImageObject","inLanguage":"pt-BR","@id":"https:\/\/redeicm.org.br\/aparecida\/bolsa-de-estudos\/#primaryimage","url":"https:\/\/redeicm.org.br\/aparecida\/wp-content\/uploads\/sites\/4\/2025\/08\/Aparecida.png","contentUrl":"https:\/\/redeicm.org.br\/aparecida\/wp-content\/uploads\/sites\/4\/2025\/08\/Aparecida.png","width":1348,"height":342},{"@type":"BreadcrumbList","@id":"https:\/\/redeicm.org.br\/aparecida\/bolsa-de-estudos\/#breadcrumb","itemListElement":[{"@type":"ListItem","position":1,"name":"In\u00edcio","item":"https:\/\/redeicm.org.br\/aparecida\/"},{"@type":"ListItem","position":2,"name":"Bolsa de Estudos"}]},{"@type":"WebSite","@id":"https:\/\/redeicm.org.br\/aparecida\/#website","url":"https:\/\/redeicm.org.br\/aparecida\/","name":"Escola Nossa Senhora Aparecida | Rede ICM de Educa\u00e7\u00e3o","description":"","publisher":{"@id":"https:\/\/redeicm.org.br\/aparecida\/#organization"},"potentialAction":[{"@type":"SearchAction","target":{"@type":"EntryPoint","urlTemplate":"https:\/\/redeicm.org.br\/aparecida\/?s={search_term_string}"},"query-input":{"@type":"PropertyValueSpecification","valueRequired":true,"valueName":"search_term_string"}}],"inLanguage":"pt-BR"},{"@type":"Organization","@id":"https:\/\/redeicm.org.br\/aparecida\/#organization","name":"Escola Nossa Senhora Aparecida | Rede ICM de Educa\u00e7\u00e3o","url":"https:\/\/redeicm.org.br\/aparecida\/","logo":{"@type":"ImageObject","inLanguage":"pt-BR","@id":"https:\/\/redeicm.org.br\/aparecida\/#\/schema\/logo\/image\/","url":"https:\/\/redeicm.org.br\/aparecida\/wp-content\/uploads\/sites\/4\/2024\/08\/logo-aparecida-header4.png","contentUrl":"https:\/\/redeicm.org.br\/aparecida\/wp-content\/uploads\/sites\/4\/2024\/08\/logo-aparecida-header4.png","width":2735,"height":772,"caption":"Escola Nossa Senhora Aparecida | Rede ICM de Educa\u00e7\u00e3o"},"image":{"@id":"https:\/\/redeicm.org.br\/aparecida\/#\/schema\/logo\/image\/"}}]}},"_links":{"self":[{"href":"https:\/\/redeicm.org.br\/aparecida\/wp-json\/wp\/v2\/pages\/3372","targetHints":{"allow":["GET"]}}],"collection":[{"href":"https:\/\/redeicm.org.br\/aparecida\/wp-json\/wp\/v2\/pages"}],"about":[{"href":"https:\/\/redeicm.org.br\/aparecida\/wp-json\/wp\/v2\/types\/page"}],"author":[{"embeddable":true,"href":"https:\/\/redeicm.org.br\/aparecida\/wp-json\/wp\/v2\/users\/1"}],"replies":[{"embeddable":true,"href":"https:\/\/redeicm.org.br\/aparecida\/wp-json\/wp\/v2\/comments?post=3372"}],"version-history":[{"count":25,"href":"https:\/\/redeicm.org.br\/aparecida\/wp-json\/wp\/v2\/pages\/3372\/revisions"}],"predecessor-version":[{"id":3638,"href":"https:\/\/redeicm.org.br\/aparecida\/wp-json\/wp\/v2\/pages\/3372\/revisions\/3638"}],"wp:attachment":[{"href":"https:\/\/redeicm.org.br\/aparecida\/wp-json\/wp\/v2\/media?parent=3372"}],"curies":[{"name":"wp","href":"https:\/\/api.w.org\/{rel}","templated":true}]}}