{"id":3109,"date":"2025-05-15T11:19:57","date_gmt":"2025-05-15T14:19:57","guid":{"rendered":"https:\/\/redeicm.org.br\/aparecida\/?page_id=3109"},"modified":"2025-05-15T11:37:36","modified_gmt":"2025-05-15T14:37:36","slug":"secretaria","status":"publish","type":"page","link":"https:\/\/redeicm.org.br\/aparecida\/secretaria\/","title":{"rendered":"Secretaria"},"content":{"rendered":"\t\t<div data-elementor-type=\"wp-page\" data-elementor-id=\"3109\" class=\"elementor elementor-3109\" data-elementor-post-type=\"page\">\n\t\t\t\t<div class=\"elementor-element elementor-element-2b3a60d3 e-flex e-con-boxed e-con e-parent\" data-id=\"2b3a60d3\" data-element_type=\"container\" data-e-type=\"container\" data-settings=\"{&quot;background_background&quot;:&quot;classic&quot;}\">\n\t\t\t\t\t<div class=\"e-con-inner\">\n\t\t\t\t<div class=\"elementor-element elementor-element-75238362 elementor-widget elementor-widget-heading\" data-id=\"75238362\" data-element_type=\"widget\" data-e-type=\"widget\" data-widget_type=\"heading.default\">\n\t\t\t\t<div class=\"elementor-widget-container\">\n\t\t\t\t\t<h1 class=\"elementor-heading-title elementor-size-default\">Secretaria<\/h1>\t\t\t\t<\/div>\n\t\t\t\t<\/div>\n\t\t\t\t\t<\/div>\n\t\t\t\t<\/div>\n\t\t<div class=\"elementor-element elementor-element-27c16e6e e-con-full e-flex e-con e-parent\" data-id=\"27c16e6e\" data-element_type=\"container\" data-e-type=\"container\" id=\"secretaria\" data-settings=\"{&quot;background_background&quot;:&quot;classic&quot;}\">\n\t\t<div class=\"elementor-element elementor-element-12927c1f e-flex e-con-boxed e-con e-child\" data-id=\"12927c1f\" data-element_type=\"container\" data-e-type=\"container\">\n\t\t\t\t\t<div class=\"e-con-inner\">\n\t\t<div class=\"elementor-element elementor-element-57247f36 e-flex e-con-boxed elementor-invisible e-con e-child\" data-id=\"57247f36\" data-element_type=\"container\" data-e-type=\"container\" data-settings=\"{&quot;animation&quot;:&quot;fadeInUp&quot;}\">\n\t\t\t\t\t<div class=\"e-con-inner\">\n\t\t\t\t<div class=\"elementor-element elementor-element-2da26188 elementor-widget elementor-widget-text-editor\" data-id=\"2da26188\" data-element_type=\"widget\" data-e-type=\"widget\" data-widget_type=\"text-editor.default\">\n\t\t\t\t<div class=\"elementor-widget-container\">\n\t\t\t\t\t\t\t\t\t<p>O Servi\u00e7o de Secretaria se processa sob a responsabilidade de secret\u00e1ria habilitada conforme a legisla\u00e7\u00e3o vigente, podendo ser auxiliada por outros profissionais.<\/p><p><strong>Compete aos Profissionais da Secretaria:<\/strong><\/p><p>&#8211; Concentrar e organizar toda a escritura\u00e7\u00e3o escolar da unidade;<br \/>&#8211; Manter em ordem o arquivo, de maneira a assegurar a preserva\u00e7\u00e3o dos documentos e poder atender prontamente a qualquer pedido de informa\u00e7\u00e3o;<br \/>&#8211; Ossibilitar aos respons\u00e1veis legais, meios de acesso aos dados que dizem respeito a vida escolar dos alunos;<br \/>&#8211; Expedir a correspond\u00eancia oficial, depois de submet\u00ea-la ao visto da Dire\u00e7\u00e3o;<br \/>&#8211; Manter em dia e conhecer a cole\u00e7\u00e3o de Leis, Regulamentos, Instru\u00e7\u00f5es, Circulares, Pareceres e Decretos relativos ao ensino;<br \/>&#8211; Elaborar os relat\u00f3rios oficiais;<br \/>&#8211; Escriturar livros, fichas e demais documentos que dizem respeito ao registro da vida escolar dos alunos;<br \/>&#8211; Lavrar e subscrever as atas e termos referentes a resultados de trabalhos escolares;<br \/>&#8211; Manter em dia toda a documenta\u00e7\u00e3o dos alunos e professores;<br \/>&#8211; Assinar, juntamente com a Dire\u00e7\u00e3o, os documentos dos alunos;<br \/>&#8211; Coordenar e supervisionar os trabalhos dos auxiliares de secretaria.<\/p>\t\t\t\t\t\t\t\t<\/div>\n\t\t\t\t<\/div>\n\t\t\t\t<div class=\"elementor-element elementor-element-b349631 elementor-widget elementor-widget-text-editor\" data-id=\"b349631\" data-element_type=\"widget\" data-e-type=\"widget\" data-widget_type=\"text-editor.default\">\n\t\t\t\t<div class=\"elementor-widget-container\">\n\t\t\t\t\t\t\t\t\t<h4>Hor\u00e1rio de atendimento<\/h4><p>De segunda \u00e0 sexta das 7h 45min \u00e0s 17h 00 min<\/p>\t\t\t\t\t\t\t\t<\/div>\n\t\t\t\t<\/div>\n\t\t\t\t\t<\/div>\n\t\t\t\t<\/div>\n\t\t\t\t\t<\/div>\n\t\t\t\t<\/div>\n\t\t<div class=\"elementor-element elementor-element-332fc16f e-flex e-con-boxed e-con e-child\" data-id=\"332fc16f\" data-element_type=\"container\" data-e-type=\"container\">\n\t\t\t\t\t<div class=\"e-con-inner\">\n\t\t<div class=\"elementor-element elementor-element-6e8919e7 e-con-full e-flex elementor-invisible e-con e-child\" data-id=\"6e8919e7\" data-element_type=\"container\" data-e-type=\"container\" data-settings=\"{&quot;animation&quot;:&quot;fadeInUp&quot;}\">\n\t\t\t\t<div class=\"elementor-element elementor-element-3b97f1be elementor-widget elementor-widget-heading\" data-id=\"3b97f1be\" data-element_type=\"widget\" data-e-type=\"widget\" data-widget_type=\"heading.default\">\n\t\t\t\t<div class=\"elementor-widget-container\">\n\t\t\t\t\t<h3 class=\"elementor-heading-title elementor-size-default\">Respons\u00e1veis<\/h3>\t\t\t\t<\/div>\n\t\t\t\t<\/div>\n\t\t<div class=\"elementor-element elementor-element-1be325dc e-con-full e-flex e-con e-child\" data-id=\"1be325dc\" data-element_type=\"container\" data-e-type=\"container\">\n\t\t\t\t<div class=\"elementor-element elementor-element-73897233 elementor-widget elementor-widget-text-editor\" data-id=\"73897233\" data-element_type=\"widget\" data-e-type=\"widget\" data-settings=\"{&quot;_animation&quot;:&quot;none&quot;}\" data-widget_type=\"text-editor.default\">\n\t\t\t\t<div class=\"elementor-widget-container\">\n\t\t\t\t\t\t\t\t\t<p>Sandra Regina Olmo Borges<\/p>\t\t\t\t\t\t\t\t<\/div>\n\t\t\t\t<\/div>\n\t\t\t\t<\/div>\n\t\t\t\t<\/div>\n\t\t\t\t\t<\/div>\n\t\t\t\t<\/div>\n\t\t\t\t<\/div>\n\t\t\t\t<\/div>\n\t\t","protected":false},"excerpt":{"rendered":"<p>O Servi\u00e7o de Secretaria se processa sob a responsabilidade de secret\u00e1ria habilitada conforme a legisla\u00e7\u00e3o vigente, podendo ser auxiliada por outros profissionais. Compete aos Profissionais da Secretaria: &#8211; Concentrar e organizar toda a escritura\u00e7\u00e3o escolar da unidade;&#8211; Manter em ordem o arquivo, de maneira a assegurar a preserva\u00e7\u00e3o dos documentos e poder atender prontamente a [&hellip;]<\/p>\n","protected":false},"author":1,"featured_media":128,"parent":0,"menu_order":0,"comment_status":"closed","ping_status":"closed","template":"","meta":{"_acf_changed":false,"footnotes":""},"class_list":["post-3109","page","type-page","status-publish","has-post-thumbnail","hentry"],"acf":[],"yoast_head":"<!-- This site is optimized with the Yoast SEO plugin v26.3 - https:\/\/yoast.com\/wordpress\/plugins\/seo\/ -->\n<title>Secretaria - Escola Nossa Senhora Aparecida | Rede ICM de Educa\u00e7\u00e3o<\/title>\n<meta name=\"robots\" content=\"index, follow, max-snippet:-1, max-image-preview:large, max-video-preview:-1\" \/>\n<link rel=\"canonical\" href=\"https:\/\/redeicm.org.br\/aparecida\/secretaria\/\" \/>\n<meta property=\"og:locale\" content=\"pt_BR\" \/>\n<meta property=\"og:type\" content=\"article\" \/>\n<meta property=\"og:title\" content=\"Secretaria - Escola Nossa Senhora Aparecida | Rede ICM de Educa\u00e7\u00e3o\" \/>\n<meta property=\"og:description\" content=\"O Servi\u00e7o de Secretaria se processa sob a responsabilidade de secret\u00e1ria habilitada conforme a legisla\u00e7\u00e3o vigente, podendo ser auxiliada por outros profissionais. Compete aos Profissionais da Secretaria: &#8211; Concentrar e organizar toda a escritura\u00e7\u00e3o escolar da unidade;&#8211; Manter em ordem o arquivo, de maneira a assegurar a preserva\u00e7\u00e3o dos documentos e poder atender prontamente a [&hellip;]\" \/>\n<meta property=\"og:url\" content=\"https:\/\/redeicm.org.br\/aparecida\/secretaria\/\" \/>\n<meta property=\"og:site_name\" content=\"Escola Nossa Senhora Aparecida | Rede ICM de Educa\u00e7\u00e3o\" \/>\n<meta property=\"article:modified_time\" content=\"2025-05-15T14:37:36+00:00\" \/>\n<meta property=\"og:image\" content=\"https:\/\/redeicm.org.br\/aparecida\/wp-content\/uploads\/sites\/4\/2024\/08\/banner-direcao.jpg\" \/>\n\t<meta property=\"og:image:width\" content=\"1440\" \/>\n\t<meta property=\"og:image:height\" content=\"400\" \/>\n\t<meta property=\"og:image:type\" content=\"image\/jpeg\" \/>\n<meta name=\"twitter:card\" content=\"summary_large_image\" \/>\n<meta name=\"twitter:label1\" content=\"Est. tempo de leitura\" \/>\n\t<meta name=\"twitter:data1\" content=\"2 minutos\" \/>\n<script type=\"application\/ld+json\" class=\"yoast-schema-graph\">{\"@context\":\"https:\/\/schema.org\",\"@graph\":[{\"@type\":\"WebPage\",\"@id\":\"https:\/\/redeicm.org.br\/aparecida\/secretaria\/\",\"url\":\"https:\/\/redeicm.org.br\/aparecida\/secretaria\/\",\"name\":\"Secretaria - Escola Nossa Senhora Aparecida | Rede ICM de Educa\u00e7\u00e3o\",\"isPartOf\":{\"@id\":\"https:\/\/redeicm.org.br\/aparecida\/#website\"},\"primaryImageOfPage\":{\"@id\":\"https:\/\/redeicm.org.br\/aparecida\/secretaria\/#primaryimage\"},\"image\":{\"@id\":\"https:\/\/redeicm.org.br\/aparecida\/secretaria\/#primaryimage\"},\"thumbnailUrl\":\"https:\/\/redeicm.org.br\/aparecida\/wp-content\/uploads\/sites\/4\/2024\/08\/banner-direcao.jpg\",\"datePublished\":\"2025-05-15T14:19:57+00:00\",\"dateModified\":\"2025-05-15T14:37:36+00:00\",\"breadcrumb\":{\"@id\":\"https:\/\/redeicm.org.br\/aparecida\/secretaria\/#breadcrumb\"},\"inLanguage\":\"pt-BR\",\"potentialAction\":[{\"@type\":\"ReadAction\",\"target\":[\"https:\/\/redeicm.org.br\/aparecida\/secretaria\/\"]}]},{\"@type\":\"ImageObject\",\"inLanguage\":\"pt-BR\",\"@id\":\"https:\/\/redeicm.org.br\/aparecida\/secretaria\/#primaryimage\",\"url\":\"https:\/\/redeicm.org.br\/aparecida\/wp-content\/uploads\/sites\/4\/2024\/08\/banner-direcao.jpg\",\"contentUrl\":\"https:\/\/redeicm.org.br\/aparecida\/wp-content\/uploads\/sites\/4\/2024\/08\/banner-direcao.jpg\",\"width\":1440,\"height\":400},{\"@type\":\"BreadcrumbList\",\"@id\":\"https:\/\/redeicm.org.br\/aparecida\/secretaria\/#breadcrumb\",\"itemListElement\":[{\"@type\":\"ListItem\",\"position\":1,\"name\":\"In\u00edcio\",\"item\":\"https:\/\/redeicm.org.br\/aparecida\/\"},{\"@type\":\"ListItem\",\"position\":2,\"name\":\"Secretaria\"}]},{\"@type\":\"WebSite\",\"@id\":\"https:\/\/redeicm.org.br\/aparecida\/#website\",\"url\":\"https:\/\/redeicm.org.br\/aparecida\/\",\"name\":\"Escola Nossa Senhora Aparecida | Rede ICM de Educa\u00e7\u00e3o\",\"description\":\"\",\"publisher\":{\"@id\":\"https:\/\/redeicm.org.br\/aparecida\/#organization\"},\"potentialAction\":[{\"@type\":\"SearchAction\",\"target\":{\"@type\":\"EntryPoint\",\"urlTemplate\":\"https:\/\/redeicm.org.br\/aparecida\/?s={search_term_string}\"},\"query-input\":{\"@type\":\"PropertyValueSpecification\",\"valueRequired\":true,\"valueName\":\"search_term_string\"}}],\"inLanguage\":\"pt-BR\"},{\"@type\":\"Organization\",\"@id\":\"https:\/\/redeicm.org.br\/aparecida\/#organization\",\"name\":\"Escola Nossa Senhora Aparecida | Rede ICM de Educa\u00e7\u00e3o\",\"url\":\"https:\/\/redeicm.org.br\/aparecida\/\",\"logo\":{\"@type\":\"ImageObject\",\"inLanguage\":\"pt-BR\",\"@id\":\"https:\/\/redeicm.org.br\/aparecida\/#\/schema\/logo\/image\/\",\"url\":\"https:\/\/redeicm.org.br\/aparecida\/wp-content\/uploads\/sites\/4\/2024\/08\/logo-aparecida-header4.png\",\"contentUrl\":\"https:\/\/redeicm.org.br\/aparecida\/wp-content\/uploads\/sites\/4\/2024\/08\/logo-aparecida-header4.png\",\"width\":2735,\"height\":772,\"caption\":\"Escola Nossa Senhora Aparecida | Rede ICM de Educa\u00e7\u00e3o\"},\"image\":{\"@id\":\"https:\/\/redeicm.org.br\/aparecida\/#\/schema\/logo\/image\/\"}}]}<\/script>\n<!-- \/ Yoast SEO plugin. -->","yoast_head_json":{"title":"Secretaria - Escola Nossa Senhora Aparecida | Rede ICM de Educa\u00e7\u00e3o","robots":{"index":"index","follow":"follow","max-snippet":"max-snippet:-1","max-image-preview":"max-image-preview:large","max-video-preview":"max-video-preview:-1"},"canonical":"https:\/\/redeicm.org.br\/aparecida\/secretaria\/","og_locale":"pt_BR","og_type":"article","og_title":"Secretaria - Escola Nossa Senhora Aparecida | Rede ICM de Educa\u00e7\u00e3o","og_description":"O Servi\u00e7o de Secretaria se processa sob a responsabilidade de secret\u00e1ria habilitada conforme a legisla\u00e7\u00e3o vigente, podendo ser auxiliada por outros profissionais. Compete aos Profissionais da Secretaria: &#8211; Concentrar e organizar toda a escritura\u00e7\u00e3o escolar da unidade;&#8211; Manter em ordem o arquivo, de maneira a assegurar a preserva\u00e7\u00e3o dos documentos e poder atender prontamente a [&hellip;]","og_url":"https:\/\/redeicm.org.br\/aparecida\/secretaria\/","og_site_name":"Escola Nossa Senhora Aparecida | Rede ICM de Educa\u00e7\u00e3o","article_modified_time":"2025-05-15T14:37:36+00:00","og_image":[{"width":1440,"height":400,"url":"https:\/\/redeicm.org.br\/aparecida\/wp-content\/uploads\/sites\/4\/2024\/08\/banner-direcao.jpg","type":"image\/jpeg"}],"twitter_card":"summary_large_image","twitter_misc":{"Est. tempo de leitura":"2 minutos"},"schema":{"@context":"https:\/\/schema.org","@graph":[{"@type":"WebPage","@id":"https:\/\/redeicm.org.br\/aparecida\/secretaria\/","url":"https:\/\/redeicm.org.br\/aparecida\/secretaria\/","name":"Secretaria - Escola Nossa Senhora Aparecida | Rede ICM de Educa\u00e7\u00e3o","isPartOf":{"@id":"https:\/\/redeicm.org.br\/aparecida\/#website"},"primaryImageOfPage":{"@id":"https:\/\/redeicm.org.br\/aparecida\/secretaria\/#primaryimage"},"image":{"@id":"https:\/\/redeicm.org.br\/aparecida\/secretaria\/#primaryimage"},"thumbnailUrl":"https:\/\/redeicm.org.br\/aparecida\/wp-content\/uploads\/sites\/4\/2024\/08\/banner-direcao.jpg","datePublished":"2025-05-15T14:19:57+00:00","dateModified":"2025-05-15T14:37:36+00:00","breadcrumb":{"@id":"https:\/\/redeicm.org.br\/aparecida\/secretaria\/#breadcrumb"},"inLanguage":"pt-BR","potentialAction":[{"@type":"ReadAction","target":["https:\/\/redeicm.org.br\/aparecida\/secretaria\/"]}]},{"@type":"ImageObject","inLanguage":"pt-BR","@id":"https:\/\/redeicm.org.br\/aparecida\/secretaria\/#primaryimage","url":"https:\/\/redeicm.org.br\/aparecida\/wp-content\/uploads\/sites\/4\/2024\/08\/banner-direcao.jpg","contentUrl":"https:\/\/redeicm.org.br\/aparecida\/wp-content\/uploads\/sites\/4\/2024\/08\/banner-direcao.jpg","width":1440,"height":400},{"@type":"BreadcrumbList","@id":"https:\/\/redeicm.org.br\/aparecida\/secretaria\/#breadcrumb","itemListElement":[{"@type":"ListItem","position":1,"name":"In\u00edcio","item":"https:\/\/redeicm.org.br\/aparecida\/"},{"@type":"ListItem","position":2,"name":"Secretaria"}]},{"@type":"WebSite","@id":"https:\/\/redeicm.org.br\/aparecida\/#website","url":"https:\/\/redeicm.org.br\/aparecida\/","name":"Escola Nossa Senhora Aparecida | Rede ICM de Educa\u00e7\u00e3o","description":"","publisher":{"@id":"https:\/\/redeicm.org.br\/aparecida\/#organization"},"potentialAction":[{"@type":"SearchAction","target":{"@type":"EntryPoint","urlTemplate":"https:\/\/redeicm.org.br\/aparecida\/?s={search_term_string}"},"query-input":{"@type":"PropertyValueSpecification","valueRequired":true,"valueName":"search_term_string"}}],"inLanguage":"pt-BR"},{"@type":"Organization","@id":"https:\/\/redeicm.org.br\/aparecida\/#organization","name":"Escola Nossa Senhora Aparecida | Rede ICM de Educa\u00e7\u00e3o","url":"https:\/\/redeicm.org.br\/aparecida\/","logo":{"@type":"ImageObject","inLanguage":"pt-BR","@id":"https:\/\/redeicm.org.br\/aparecida\/#\/schema\/logo\/image\/","url":"https:\/\/redeicm.org.br\/aparecida\/wp-content\/uploads\/sites\/4\/2024\/08\/logo-aparecida-header4.png","contentUrl":"https:\/\/redeicm.org.br\/aparecida\/wp-content\/uploads\/sites\/4\/2024\/08\/logo-aparecida-header4.png","width":2735,"height":772,"caption":"Escola Nossa Senhora Aparecida | Rede ICM de Educa\u00e7\u00e3o"},"image":{"@id":"https:\/\/redeicm.org.br\/aparecida\/#\/schema\/logo\/image\/"}}]}},"_links":{"self":[{"href":"https:\/\/redeicm.org.br\/aparecida\/wp-json\/wp\/v2\/pages\/3109","targetHints":{"allow":["GET"]}}],"collection":[{"href":"https:\/\/redeicm.org.br\/aparecida\/wp-json\/wp\/v2\/pages"}],"about":[{"href":"https:\/\/redeicm.org.br\/aparecida\/wp-json\/wp\/v2\/types\/page"}],"author":[{"embeddable":true,"href":"https:\/\/redeicm.org.br\/aparecida\/wp-json\/wp\/v2\/users\/1"}],"replies":[{"embeddable":true,"href":"https:\/\/redeicm.org.br\/aparecida\/wp-json\/wp\/v2\/comments?post=3109"}],"version-history":[{"count":7,"href":"https:\/\/redeicm.org.br\/aparecida\/wp-json\/wp\/v2\/pages\/3109\/revisions"}],"predecessor-version":[{"id":3141,"href":"https:\/\/redeicm.org.br\/aparecida\/wp-json\/wp\/v2\/pages\/3109\/revisions\/3141"}],"wp:featuredmedia":[{"embeddable":true,"href":"https:\/\/redeicm.org.br\/aparecida\/wp-json\/wp\/v2\/media\/128"}],"wp:attachment":[{"href":"https:\/\/redeicm.org.br\/aparecida\/wp-json\/wp\/v2\/media?parent=3109"}],"curies":[{"name":"wp","href":"https:\/\/api.w.org\/{rel}","templated":true}]}}